{"id":46897,"date":"2023-03-06T13:46:04","date_gmt":"2023-03-06T10:46:04","guid":{"rendered":"https:\/\/microtech.tools\/?post_type=product&#038;p=46897"},"modified":"2026-03-19T17:44:34","modified_gmt":"2026-03-19T14:44:34","slug":"komputerowe-stanowisko-do-kontroli-prostoliniowosci-rur-bezprzewodowe","status":"publish","type":"product","link":"https:\/\/microtech.tools\/pl\/produkt\/komputerowe-stanowisko-do-kontroli-prostoliniowosci-rur-bezprzewodowe\/","title":{"rendered":"Komputerowe stanowisko do kontroli prostoliniowo\u015bci rur Bezprzewodowe"},"content":{"rendered":"<p data-path-to-node=\"1\">Komputerowe stanowisko do pomiaru prostoliniowo\u015bci rur firmy MICROTECH. Zakresy stanowiska wynosz\u0105 900, 1800, 2800 mm. Stanowisko posiada wbudowany mikrokomputer z kolorowym ekranem dotykowym 1,5 cala oraz rozdzielczo\u015b\u0107 odczytu 0,0001 mm. Posiada r\u00f3wnie\u017c wbudowan\u0105 bezprzewodow\u0105 transmisj\u0119 danych do urz\u0105dze\u0144 Windows, Android, iOS na odleg\u0142o\u015b\u0107 do 50 m (z anten\u0105 zewn\u0119trzn\u0105).<\/p>\n<p data-path-to-node=\"2\">Wszystkie stanowiska przechodz\u0105 100% kontrol\u0119 metrologiczn\u0105 w akredytowanym laboratorium zgodnie z ISO17025 (Ilac MRA).<\/p>\n<p data-path-to-node=\"3\">Stanowisko posiada modu\u0142 transferu danych o dalekim zasi\u0119gu. MICROTECH oferuje bezp\u0142atne wersje aplikacji na komputery z systemem Windows oraz telefony i tablety z systemami Android i iOS. Aplikacj\u0119 MICROTECH MDS mo\u017cna pobra\u0107 ze strony aplikacji MDS.<\/p>\n","protected":false},"excerpt":{"rendered":"<p>Komputerowe stanowisko do pomiaru prostoliniowo\u015bci rur firmy MICROTECH. Zakresy stanowiska wynosz\u0105 900, 1800, 2800 mm. Stanowisko posiada wbudowany mikrokomputer z kolorowym ekranem dotykowym 1,5 cala oraz rozdzielczo\u015b\u0107 odczytu 0,0001 mm.<\/p>\n","protected":false},"featured_media":46898,"template":"","meta":{"_acf_changed":false},"product_brand":[6886],"product_cat":[5131],"product_tag":[],"class_list":{"0":"post-46897","1":"product","2":"type-product","3":"status-publish","4":"has-post-thumbnail","6":"product_brand-microtech","7":"product_cat-stojaki-pomiarowe","8":"pa_battery-li_pol","9":"pa_dataoutput-usbhid","10":"pa_dataoutput-wireless","11":"pa_dataoutput-wirelesshid","12":"pa_indication-computerized2_4","13":"pa_rangeupto_mm-0-1100x0-12z","14":"pa_rangeupto_mm-0-1800x0-12z","15":"pa_rangeupto_mm-0-2100x0-12z","16":"pa_rangeupto_mm-0-2800x0-12z","17":"pa_rangeupto_mm-0-3100x0-12z","18":"pa_rangeupto_mm-0-3800x0-12z","19":"pa_rangeupto_mm-0-900x0-12z","20":"pa_resolution_mm-5912","22":"first","23":"instock","24":"shipping-taxable","25":"purchasable","26":"product-type-variable"},"acf":[],"_links":{"self":[{"href":"https:\/\/microtech.tools\/pl\/wp-json\/wp\/v2\/product\/46897","targetHints":{"allow":["GET"]}}],"collection":[{"href":"https:\/\/microtech.tools\/pl\/wp-json\/wp\/v2\/product"}],"about":[{"href":"https:\/\/microtech.tools\/pl\/wp-json\/wp\/v2\/types\/product"}],"wp:featuredmedia":[{"embeddable":true,"href":"https:\/\/microtech.tools\/pl\/wp-json\/wp\/v2\/media\/46898"}],"wp:attachment":[{"href":"https:\/\/microtech.tools\/pl\/wp-json\/wp\/v2\/media?parent=46897"}],"wp:term":[{"taxonomy":"product_brand","embeddable":true,"href":"https:\/\/microtech.tools\/pl\/wp-json\/wp\/v2\/product_brand?post=46897"},{"taxonomy":"product_cat","embeddable":true,"href":"https:\/\/microtech.tools\/pl\/wp-json\/wp\/v2\/product_cat?post=46897"},{"taxonomy":"product_tag","embeddable":true,"href":"https:\/\/microtech.tools\/pl\/wp-json\/wp\/v2\/product_tag?post=46897"}],"curies":[{"name":"wp","href":"https:\/\/api.w.org\/{rel}","templated":true}]}}