{"id":47017,"date":"2023-03-13T14:11:15","date_gmt":"2023-03-13T11:11:15","guid":{"rendered":"https:\/\/microtech.tools\/?post_type=product&#038;p=47017"},"modified":"2026-03-20T10:27:00","modified_gmt":"2026-03-20T07:27:00","slug":"komputerowe-stanowisko-do-wzorcowania-linialow-i-przymiarow-bezprzewodowe-z-mikroskopem-led","status":"publish","type":"product","link":"https:\/\/microtech.tools\/pl\/produkt\/komputerowe-stanowisko-do-wzorcowania-linialow-i-przymiarow-bezprzewodowe-z-mikroskopem-led\/","title":{"rendered":"Komputerowe stanowisko do wzorcowania linia\u0142\u00f3w i przymiar\u00f3w bezprzewodowe z mikroskopem LED"},"content":{"rendered":"<p data-path-to-node=\"1\">Stanowisko produkcyjne MICROTECH do wzorcowania linia\u0142\u00f3w i przymiar\u00f3w o zakresie do 5000mm (200 cali). To stanowisko do wzorcowania daje mo\u017cliwo\u015b\u0107 szybkiej kontroli linia\u0142\u00f3w oraz przymiar\u00f3w i zapisywania wynik\u00f3w w pami\u0119ci wewn\u0119trznej lub transferu do komputera PC w celu dodania do protoko\u0142u lub bazy danych. Do wzorcowania linia\u0142\u00f3w wykorzystuje si\u0119 cyfrowy si\u0142omierz 50N i b\u0119ben. Stanowisko wyposa\u017cone w precyzyjny komputerowy system odczytu MICROTECH oraz mikroskop o wysokiej rozdzielczo\u015bci z 7-calowym wy\u015bwietlaczem LED (12 Mp) do pozycjonowania oraz kontroli grawerowania linia\u0142\u00f3w i przymiar\u00f3w. Komputerowy modu\u0142 wskazuj\u0105cy wyposa\u017cony w pami\u0119\u0107 wewn\u0119trzn\u0105 2000 warto\u015bci, funkcje Go\/NoGo z kolorow\u0105 sygnalizacj\u0105, Max\/min, funkcj\u0119 formu\u0142y, kompensacj\u0119 b\u0142\u0119d\u00f3w. Kolorowy wy\u015bwietlacz 2,4 cala i ekran dotykowy zapewniaj\u0105 wysok\u0105 u\u017cyteczno\u015b\u0107 systemu odczytu Mikron. Wbudowany bezprzewodowy modu\u0142 transferu danych przesy\u0142a dane pomiarowe oraz dane z pami\u0119ci do oprogramowania MICROTECH MDS. Dost\u0119pne s\u0105 wersje oprogramowania dla urz\u0105dze\u0144 z systemami Windows, Android, iOS. Bezprzewodowe wyj\u015bcie danych MICROTECH posiada 3 tryby transferu danych:<\/p>\n<ul data-path-to-node=\"2\">\n<li>\n<p data-path-to-node=\"2,0,0\">Bezprzewodowy transfer danych do aplikacji MDS (dost\u0119pne wersje aplikacji dla Windows, Android, iOS, MacOS)<\/p>\n<\/li>\n<li>\n<p data-path-to-node=\"2,1,0\">Bezprzewodowy tryb HID bezpo\u015brednio do dowolnego urz\u0105dzenia i aplikacji (jako klawiatura)<\/p>\n<\/li>\n<li>\n<p data-path-to-node=\"2,2,0\">Bezprzewodowy tryb HID+MAC bezpo\u015brednio do dowolnego urz\u0105dzenia i aplikacji (jako klawiatura) z adresem MAC<\/p>\n<\/li>\n<\/ul>\n","protected":false},"excerpt":{"rendered":"<p>Stanowisko produkcyjne MICROTECH do wzorcowania linia\u0142\u00f3w i przymiar\u00f3w o zakresie do 5000mm (200 cali). To stanowisko do wzorcowania daje mo\u017cliwo\u015b\u0107 szybkiej kontroli linia\u0142\u00f3w oraz przymiar\u00f3w i zapisywania wynik\u00f3w w pami\u0119ci wewn\u0119trznej lub transferu do komputera PC w celu dodania do protoko\u0142u lub bazy danych.<\/p>\n","protected":false},"featured_media":47025,"template":"","meta":{"_acf_changed":false},"product_brand":[6886],"product_cat":[5127],"product_tag":[],"class_list":{"0":"post-47017","1":"product","2":"type-product","3":"status-publish","4":"has-post-thumbnail","6":"product_brand-microtech","7":"product_cat-stanowiska-kalibracyjne","8":"pa_battery-li_pol","9":"pa_dataoutput-usbhid","10":"pa_dataoutput-wireless","11":"pa_dataoutput-wirelesshid","12":"pa_indication-computerized1_54","13":"pa_measrange-1000mm40inch","14":"pa_measrange-2000mm80inch","15":"pa_measrange-3000mm120inch","16":"pa_measrange-4000mm160inch","17":"pa_measrange-5000mm200inch","18":"pa_resolution_mm-5928","20":"first","21":"instock","22":"shipping-taxable","23":"purchasable","24":"product-type-variable","25":"has-default-attributes"},"acf":[],"_links":{"self":[{"href":"https:\/\/microtech.tools\/pl\/wp-json\/wp\/v2\/product\/47017","targetHints":{"allow":["GET"]}}],"collection":[{"href":"https:\/\/microtech.tools\/pl\/wp-json\/wp\/v2\/product"}],"about":[{"href":"https:\/\/microtech.tools\/pl\/wp-json\/wp\/v2\/types\/product"}],"wp:featuredmedia":[{"embeddable":true,"href":"https:\/\/microtech.tools\/pl\/wp-json\/wp\/v2\/media\/47025"}],"wp:attachment":[{"href":"https:\/\/microtech.tools\/pl\/wp-json\/wp\/v2\/media?parent=47017"}],"wp:term":[{"taxonomy":"product_brand","embeddable":true,"href":"https:\/\/microtech.tools\/pl\/wp-json\/wp\/v2\/product_brand?post=47017"},{"taxonomy":"product_cat","embeddable":true,"href":"https:\/\/microtech.tools\/pl\/wp-json\/wp\/v2\/product_cat?post=47017"},{"taxonomy":"product_tag","embeddable":true,"href":"https:\/\/microtech.tools\/pl\/wp-json\/wp\/v2\/product_tag?post=47017"}],"curies":[{"name":"wp","href":"https:\/\/api.w.org\/{rel}","templated":true}]}}