{"id":47935,"date":"2025-12-24T12:40:25","date_gmt":"2025-12-24T09:40:25","guid":{"rendered":"https:\/\/microtech.tools\/?post_type=product&#038;p=47935"},"modified":"2026-03-20T10:28:42","modified_gmt":"2026-03-20T07:28:42","slug":"certimet-cyfrowy-mikronowy-punktowy-grubosciomierz-0-50x0001450-mm","status":"publish","type":"product","link":"https:\/\/microtech.tools\/pl\/produkt\/certimet-cyfrowy-mikronowy-punktowy-grubosciomierz-0-50x0001450-mm\/","title":{"rendered":"CertiMet cyfrowy MIKRONOWY PUNKTOWY GRUBO\u015aCIOMIERZ 0-50&#215;0,001(450 mm)"},"content":{"rendered":"<p>MICROTECH produkuje cyfrowe punktowe grubo\u015bciomierze z r\u00f3\u017cnymi podstawami i powierzchniami pomiarowymi zgodnie z najnowszymi standardami. Zakres pomiarowy: 0-50 mm z dok\u0142adno\u015bci\u0105 \u00b130 Mikron, si\u0142a pomiarowa 1,8-2,3 N i g\u0142\u0119boko\u015b\u0107 pomiarowa 450 mm. Cyfrowe grubo\u015bciomierze mog\u0105 by\u0107 wyposa\u017cone w cyfrowy czujnik mikronowy z funkcj\u0105 PRESET. Wszystkie grubo\u015bciomierze MICROTECH przechodz\u0105 kontrol\u0119 metrologiczn\u0105 w laboratorium akredytowanym zgodnie z ISO17025. Istnieje mo\u017cliwo\u015b\u0107 wyprodukowania cyfrowych grubo\u015bciomierzy o niestandardowych parametrach (powierzchnie pomiarowe, si\u0142a, g\u0142\u0119boko\u015b\u0107, okres timera, funkcje) na specjalne zam\u00f3wienie.<\/p>\n","protected":false},"excerpt":{"rendered":"<p>MICROTECH produkuje cyfrowe punktowe grubo\u015bciomierze z r\u00f3\u017cnymi podstawami i powierzchniami pomiarowymi zgodnie z najnowszymi standardami. Zakres pomiarowy: 0-50 mm z dok\u0142adno\u015bci\u0105 \u00b130 Mikron, si\u0142a pomiarowa 1,8-2,3 N i g\u0142\u0119boko\u015b\u0107 pomiarowa 450 mm.<\/p>\n","protected":false},"featured_media":47912,"template":"","meta":{"_acf_changed":false},"product_brand":[6886],"product_cat":[5149],"product_tag":[],"class_list":{"0":"post-47935","1":"product","2":"type-product","3":"status-publish","4":"has-post-thumbnail","6":"product_brand-microtech","7":"product_cat-cyfrowe-punktowe-grubosciomierze","8":"pa_meas-range-0-50-mm","9":"pa_resolution-mm-0-001-mm","11":"first","12":"instock","13":"purchasable","14":"product-type-simple"},"acf":[],"_links":{"self":[{"href":"https:\/\/microtech.tools\/pl\/wp-json\/wp\/v2\/product\/47935","targetHints":{"allow":["GET"]}}],"collection":[{"href":"https:\/\/microtech.tools\/pl\/wp-json\/wp\/v2\/product"}],"about":[{"href":"https:\/\/microtech.tools\/pl\/wp-json\/wp\/v2\/types\/product"}],"wp:featuredmedia":[{"embeddable":true,"href":"https:\/\/microtech.tools\/pl\/wp-json\/wp\/v2\/media\/47912"}],"wp:attachment":[{"href":"https:\/\/microtech.tools\/pl\/wp-json\/wp\/v2\/media?parent=47935"}],"wp:term":[{"taxonomy":"product_brand","embeddable":true,"href":"https:\/\/microtech.tools\/pl\/wp-json\/wp\/v2\/product_brand?post=47935"},{"taxonomy":"product_cat","embeddable":true,"href":"https:\/\/microtech.tools\/pl\/wp-json\/wp\/v2\/product_cat?post=47935"},{"taxonomy":"product_tag","embeddable":true,"href":"https:\/\/microtech.tools\/pl\/wp-json\/wp\/v2\/product_tag?post=47935"}],"curies":[{"name":"wp","href":"https:\/\/api.w.org\/{rel}","templated":true}]}}