{"id":47951,"date":"2025-12-24T12:40:25","date_gmt":"2025-12-24T09:40:25","guid":{"rendered":"https:\/\/microtech.tools\/?post_type=product&#038;p=47951"},"modified":"2026-03-20T10:28:45","modified_gmt":"2026-03-20T07:28:45","slug":"cyfrowe-mikronowe-grubosciomierze-talerzowe-certimet-d20-mm-0-100x0001-800-mm","status":"publish","type":"product","link":"https:\/\/microtech.tools\/pl\/produkt\/cyfrowe-mikronowe-grubosciomierze-talerzowe-certimet-d20-mm-0-100x0001-800-mm\/","title":{"rendered":"Cyfrowe MIKRONOWE GRUBO\u015aCIOMIERZE TALERZOWE CertiMet D=20 mm 0-100&#215;0,001 (800 mm)"},"content":{"rendered":"<p>MICROTECH produkuje cyfrowe grubo\u015bciomierze talerzowe z powierzchniami pomiarowymi zgodnymi z najnowszymi standardami. Cyfrowe grubo\u015bciomierze o zakresie pomiarowym 0-100 mm, rozdzielczo\u015bci 0,001 mm i g\u0142\u0119boko\u015bci 800 mm mog\u0105 by\u0107 wyposa\u017cone w cyfrowy czujnik mikronowy z funkcj\u0105 PRESET. Wszystkie grubo\u015bciomierze MICROTECH przechodz\u0105 kontrol\u0119 metrologiczn\u0105 w laboratorium akredytowanym zgodnie z ISO17025. Na specjalne zam\u00f3wienie mo\u017cliwe jest wyprodukowanie cyfrowych grubo\u015bciomierzy o niestandardowych parametrach (powierzchnie pomiarowe, si\u0142a, g\u0142\u0119boko\u015b\u0107, okres timera, funkcje).<\/p>\n","protected":false},"excerpt":{"rendered":"<p>MICROTECH produkuje cyfrowe grubo\u015bciomierze talerzowe z powierzchniami pomiarowymi zgodnymi z najnowszymi standardami. Cyfrowe grubo\u015bciomierze o zakresie pomiarowym 0-100 mm, rozdzielczo\u015bci 0,001 mm i g\u0142\u0119boko\u015bci 800 mm mog\u0105 by\u0107 wyposa\u017cone w cyfrowy czujnik mikronowy z funkcj\u0105 PRESET<\/p>\n","protected":false},"featured_media":47946,"template":"","meta":{"_acf_changed":false},"product_brand":[6886],"product_cat":[5147],"product_tag":[],"class_list":{"0":"post-47951","1":"product","2":"type-product","3":"status-publish","4":"has-post-thumbnail","6":"product_brand-microtech","7":"product_cat-cyfrowe-grubosciomierze-tarczowe","8":"pa_meas-range-0-100-mm","9":"pa_resolution-mm-0-001-mm","11":"first","12":"instock","13":"purchasable","14":"product-type-simple"},"acf":[],"_links":{"self":[{"href":"https:\/\/microtech.tools\/pl\/wp-json\/wp\/v2\/product\/47951","targetHints":{"allow":["GET"]}}],"collection":[{"href":"https:\/\/microtech.tools\/pl\/wp-json\/wp\/v2\/product"}],"about":[{"href":"https:\/\/microtech.tools\/pl\/wp-json\/wp\/v2\/types\/product"}],"wp:featuredmedia":[{"embeddable":true,"href":"https:\/\/microtech.tools\/pl\/wp-json\/wp\/v2\/media\/47946"}],"wp:attachment":[{"href":"https:\/\/microtech.tools\/pl\/wp-json\/wp\/v2\/media?parent=47951"}],"wp:term":[{"taxonomy":"product_brand","embeddable":true,"href":"https:\/\/microtech.tools\/pl\/wp-json\/wp\/v2\/product_brand?post=47951"},{"taxonomy":"product_cat","embeddable":true,"href":"https:\/\/microtech.tools\/pl\/wp-json\/wp\/v2\/product_cat?post=47951"},{"taxonomy":"product_tag","embeddable":true,"href":"https:\/\/microtech.tools\/pl\/wp-json\/wp\/v2\/product_tag?post=47951"}],"curies":[{"name":"wp","href":"https:\/\/api.w.org\/{rel}","templated":true}]}}