{"id":48027,"date":"2025-12-24T12:40:42","date_gmt":"2025-12-24T09:40:42","guid":{"rendered":"https:\/\/microtech.tools\/?post_type=product&#038;p=48027"},"modified":"2026-03-20T10:28:37","modified_gmt":"2026-03-20T07:28:37","slug":"cyfrowy-mikronowy-grubosciomierz-talerzowy-certimet-d50-mm-0-25x0001-200-mm","status":"publish","type":"product","link":"https:\/\/microtech.tools\/pl\/produkt\/cyfrowy-mikronowy-grubosciomierz-talerzowy-certimet-d50-mm-0-25x0001-200-mm\/","title":{"rendered":"Cyfrowy MIKRONOWY GRUBO\u015aCIOMIERZ TALERZOWY CertiMet D=50 mm 0-25&#215;0,001 (200 mm)"},"content":{"rendered":"<p>MICROTECH produkuje cyfrowe grubo\u015bciomierze talerzowe z powierzchniami pomiarowymi zgodnymi z najaktualniejszymi normami. Cyfrowe grubo\u015bciomierze o zakresie pomiarowym 0-25 mm, rozdzielczo\u015bci 0,001 mm i g\u0142\u0119boko\u015bci 200 mm mog\u0105 by\u0107 wyposa\u017cone w cyfrowy czujnik mikronowy z funkcj\u0105 PRESET. Wszystkie grubo\u015bciomierze MICROTECH przechodz\u0105 kontrol\u0119 metrologiczn\u0105 w laboratorium akredytowanym wg ISO17025. Na specjalne zapytanie mo\u017cliwe jest wyprodukowanie cyfrowych grubo\u015bciomierzy o niestandardowych parametrach (powierzchnie pomiarowe, si\u0142a, g\u0142\u0119boko\u015b\u0107, okres timera, funkcje).<\/p>\n","protected":false},"excerpt":{"rendered":"<p>MICROTECH produkuje cyfrowe grubo\u015bciomierze talerzowe z powierzchniami pomiarowymi zgodnymi z najaktualniejszymi normami. Cyfrowe grubo\u015bciomierze o zakresie pomiarowym 0-25 mm, rozdzielczo\u015bci 0,001 mm i g\u0142\u0119boko\u015bci 200 mm mog\u0105 by\u0107 wyposa\u017cone w cyfrowy czujnik mikronowy z funkcj\u0105 PRESET<\/p>\n","protected":false},"featured_media":47946,"template":"","meta":{"_acf_changed":false},"product_brand":[6886],"product_cat":[5147],"product_tag":[],"class_list":{"0":"post-48027","1":"product","2":"type-product","3":"status-publish","4":"has-post-thumbnail","6":"product_brand-microtech","7":"product_cat-cyfrowe-grubosciomierze-tarczowe","8":"pa_meas-range-0-25-mm","9":"pa_resolution-mm-0-001-mm","11":"first","12":"instock","13":"purchasable","14":"product-type-simple"},"acf":[],"_links":{"self":[{"href":"https:\/\/microtech.tools\/pl\/wp-json\/wp\/v2\/product\/48027","targetHints":{"allow":["GET"]}}],"collection":[{"href":"https:\/\/microtech.tools\/pl\/wp-json\/wp\/v2\/product"}],"about":[{"href":"https:\/\/microtech.tools\/pl\/wp-json\/wp\/v2\/types\/product"}],"wp:featuredmedia":[{"embeddable":true,"href":"https:\/\/microtech.tools\/pl\/wp-json\/wp\/v2\/media\/47946"}],"wp:attachment":[{"href":"https:\/\/microtech.tools\/pl\/wp-json\/wp\/v2\/media?parent=48027"}],"wp:term":[{"taxonomy":"product_brand","embeddable":true,"href":"https:\/\/microtech.tools\/pl\/wp-json\/wp\/v2\/product_brand?post=48027"},{"taxonomy":"product_cat","embeddable":true,"href":"https:\/\/microtech.tools\/pl\/wp-json\/wp\/v2\/product_cat?post=48027"},{"taxonomy":"product_tag","embeddable":true,"href":"https:\/\/microtech.tools\/pl\/wp-json\/wp\/v2\/product_tag?post=48027"}],"curies":[{"name":"wp","href":"https:\/\/api.w.org\/{rel}","templated":true}]}}