{"id":48079,"date":"2025-12-24T12:39:57","date_gmt":"2025-12-24T09:39:57","guid":{"rendered":"https:\/\/microtech.tools\/?post_type=product&#038;p=48079"},"modified":"2026-03-20T10:28:59","modified_gmt":"2026-03-20T07:28:59","slug":"certimet-cyfrowe-mikronowe-grubosciomierze-0-20x0001-120-mm","status":"publish","type":"product","link":"https:\/\/microtech.tools\/pl\/produkt\/certimet-cyfrowe-mikronowe-grubosciomierze-0-20x0001-120-mm\/","title":{"rendered":"CertiMet cyfrowe MIKRONOWE GRUBO\u015aCIOMIERZE 0-20&#215;0,001 (120 mm)"},"content":{"rendered":"<p>MICROTECH produkuje cyfrowe grubo\u015bciomierze o zakresie pomiarowym 0-20 mm i rozdzielczo\u015bci 0,001 mm przy g\u0142\u0119boko\u015bci pomiaru 120 mm. Cyfrowe grubo\u015bciomierze mog\u0105 by\u0107 wyposa\u017cone w cyfrowy czujnik mikronowy z funkcj\u0105 PRESET. Wszystkie grubo\u015bciomierze MICROTECH przechodz\u0105 kontrol\u0119 metrologiczn\u0105 w laboratorium akredytowanym zgodnie z ISO17025. Istnieje mo\u017cliwo\u015b\u0107 wyprodukowania cyfrowych grubo\u015bciomierzy o niestandardowych parametrach.<\/p>\n","protected":false},"excerpt":{"rendered":"<p>MICROTECH produkuje cyfrowe grubo\u015bciomierze o zakresie pomiarowym 0-20 mm i rozdzielczo\u015bci 0,001 mm przy g\u0142\u0119boko\u015bci pomiaru 120 mm. Cyfrowe grubo\u015bciomierze mog\u0105 by\u0107 wyposa\u017cone w cyfrowy czujnik mikronowy z funkcj\u0105 PRESET.<\/p>\n","protected":false},"featured_media":48050,"template":"","meta":{"_acf_changed":false},"product_brand":[6886],"product_cat":[5151],"product_tag":[],"class_list":{"0":"post-48079","1":"product","2":"type-product","3":"status-publish","4":"has-post-thumbnail","6":"product_brand-microtech","7":"product_cat-cyfrowy-grubosciomierz","8":"pa_meas-range-0-20-mm","9":"pa_resolution-mm-0-001-mm","11":"first","12":"instock","13":"purchasable","14":"product-type-simple"},"acf":[],"_links":{"self":[{"href":"https:\/\/microtech.tools\/pl\/wp-json\/wp\/v2\/product\/48079","targetHints":{"allow":["GET"]}}],"collection":[{"href":"https:\/\/microtech.tools\/pl\/wp-json\/wp\/v2\/product"}],"about":[{"href":"https:\/\/microtech.tools\/pl\/wp-json\/wp\/v2\/types\/product"}],"wp:featuredmedia":[{"embeddable":true,"href":"https:\/\/microtech.tools\/pl\/wp-json\/wp\/v2\/media\/48050"}],"wp:attachment":[{"href":"https:\/\/microtech.tools\/pl\/wp-json\/wp\/v2\/media?parent=48079"}],"wp:term":[{"taxonomy":"product_brand","embeddable":true,"href":"https:\/\/microtech.tools\/pl\/wp-json\/wp\/v2\/product_brand?post=48079"},{"taxonomy":"product_cat","embeddable":true,"href":"https:\/\/microtech.tools\/pl\/wp-json\/wp\/v2\/product_cat?post=48079"},{"taxonomy":"product_tag","embeddable":true,"href":"https:\/\/microtech.tools\/pl\/wp-json\/wp\/v2\/product_tag?post=48079"}],"curies":[{"name":"wp","href":"https:\/\/api.w.org\/{rel}","templated":true}]}}