{"id":48182,"date":"2025-12-24T12:41:16","date_gmt":"2025-12-24T09:41:16","guid":{"rendered":"https:\/\/microtech.tools\/?post_type=product&#038;p=48182"},"modified":"2026-03-20T10:28:04","modified_gmt":"2026-03-20T07:28:04","slug":"bezprzewodowe-punktowe-grubosciomierze-datamet-0-50x0-0001800mm","status":"publish","type":"product","link":"https:\/\/microtech.tools\/pl\/produkt\/bezprzewodowe-punktowe-grubosciomierze-datamet-0-50x0-0001800mm\/","title":{"rendered":"BEZPRZEWODOWE PUNKTOWE GRUBO\u015aCIOMIERZE DataMet 0-50&#215;0.0001(800mm)"},"content":{"rendered":"<p data-path-to-node=\"1\">Punktowe grubo\u015bciomierze DataMet z zakresem pomiarowym 0-50 mm i g\u0142\u0119boko\u015bci\u0105 800 mm. Grubo\u015bciomierz MICROTECH dostosowany do standard\u00f3w Industry 4.0 z zakresem do 300 mm i g\u0142\u0119boko\u015bci\u0105 do 800 mm. Wyposa\u017cony w skomputeryzowany czujnik o rozdzielczo\u015bci 0,0001 mm.<\/p>\n<p data-path-to-node=\"2\">Skomputeryzowany system pomiarowy MICS wyposa\u017cony w pami\u0119\u0107 wewn\u0119trzn\u0105, funkcje Go\/NoGo z kolorow\u0105 sygnalizacj\u0105, Max\/min, Timer, kod PIN, funkcj\u0119 formu\u0142y, r\u0119czn\u0105 kompensacj\u0119 temperatury i b\u0142\u0119d\u00f3w.<\/p>\n<p data-path-to-node=\"3\">Kolorowy wy\u015bwietlacz o wysokiej rozdzielczo\u015bci oraz ekran dotykowy zapewniaj\u0105 wysok\u0105 u\u017cyteczno\u015b\u0107.<\/p>\n<ul data-path-to-node=\"4\">\n<li>\n<p data-path-to-node=\"4,0,0\">Pami\u0119\u0107 wewn\u0119trzna z trybem statystycznym<\/p>\n<\/li>\n<li>\n<p data-path-to-node=\"4,1,0\">Kolorowa sygnalizacja Go\/NoGo (limity)<\/p>\n<\/li>\n<li>\n<p data-path-to-node=\"4,2,0\">Funkcja Peak (Min\/Max)<\/p>\n<\/li>\n<li>\n<p data-path-to-node=\"4,3,0\">Timer (odczyt do pami\u0119ci lub transfer danych)<\/p>\n<\/li>\n<li>\n<p data-path-to-node=\"4,4,0\">Formu\u0142a \u2013 obliczenia czujnika Ax2+Bx+C<\/p>\n<\/li>\n<li>\n<p data-path-to-node=\"4,5,0\">Wyb\u00f3r rozdzielczo\u015bci (0,1 \/ 1 \/ 10 Mikron\u00f3w)<\/p>\n<\/li>\n<li>\n<p data-path-to-node=\"4,6,0\">Wyb\u00f3r mm\/cale<\/p>\n<\/li>\n<li>\n<p data-path-to-node=\"4,7,0\">Kompensacja temperatury<\/p>\n<\/li>\n<li>\n<p data-path-to-node=\"4,8,0\">Matematyczna kompensacja b\u0142\u0119d\u00f3w<\/p>\n<\/li>\n<li>\n<p data-path-to-node=\"4,9,0\">Bezprzewodowy transfer danych do urz\u0105dze\u0144 Windows, iOS, Android<\/p>\n<\/li>\n<li>\n<p data-path-to-node=\"4,10,0\">Transfer danych USB HID do urz\u0105dze\u0144 Windows, MacOS, Linux, Android (tryb klawiatury)<\/p>\n<\/li>\n<li>\n<p data-path-to-node=\"4,11,0\">Wbudowany akumulator Li-Pol z \u0142adowark\u0105 magnetyczn\u0105<\/p>\n<\/li>\n<li>\n<p data-path-to-node=\"4,12,0\">Kolorowy wy\u015bwietlacz o wysokiej rozdzielczo\u015bci 1,54 cala z ekranem dotykowym<\/p>\n<\/li>\n<\/ul>\n<p data-path-to-node=\"5\">Urz\u0105dzenie posiada modu\u0142 bezprzewodowego transferu danych o dalekim zasi\u0119gu. MICROTECH posiada bezp\u0142atne wersje aplikacji na komputery Windows PC oraz telefony i tablety z systemami Android i iOS.<\/p>\n<p data-path-to-node=\"6\">Skomputeryzowane urz\u0105dzenia MICROTECH posiadaj\u0105 funkcj\u0119 transferu danych USB HID do przesy\u0142ania bie\u017c\u0105cych danych oraz danych z pami\u0119ci bezpo\u015brednio do dowolnej aplikacji w systemach Windows, Linux, MacOS, Android w trybie klawiatury za pomoc\u0105 zwyk\u0142ego kabla USB, bez potrzeby stosowania specjalnego oprogramowania.<\/p>\n<p data-path-to-node=\"7\">Opcjonalne wyj\u015bcie danych MODBUS RTU (RS-485) dla po\u0142\u0105cze\u0144 przemys\u0142owych. System szybkiego odczytu 50 wart\/sek. Wszystkie czujniki MICROTECH przechodz\u0105 kontrol\u0119 metrologiczn\u0105 w laboratorium akredytowanym wg ISO 17025 ILAC ze \u015bwiadectwem wzorcowania.<\/p>\n","protected":false},"excerpt":{"rendered":"<p>Punktowe grubo\u015bciomierze DataMet z zakresem pomiarowym 0-50 mm i g\u0142\u0119boko\u015bci\u0105 800 mm. Grubo\u015bciomierz MICROTECH dostosowany do standard\u00f3w Industry 4.0 z zakresem do 300 mm i g\u0142\u0119boko\u015bci\u0105 do 800 mm. Wyposa\u017cony w skomputeryzowany czujnik o rozdzielczo\u015bci 0,0001 mm.<\/p>\n","protected":false},"featured_media":48148,"template":"","meta":{"_acf_changed":false},"product_brand":[6886],"product_cat":[5143],"product_tag":[],"class_list":{"0":"post-48182","1":"product","2":"type-product","3":"status-publish","4":"has-post-thumbnail","6":"product_brand-microtech","7":"product_cat-komputerowe-punktowe-grubosciomierze","8":"pa_meas-range-0-50-mm","9":"pa_resolution-mm-0-0001-mm","11":"first","12":"instock","13":"purchasable","14":"product-type-simple"},"acf":[],"_links":{"self":[{"href":"https:\/\/microtech.tools\/pl\/wp-json\/wp\/v2\/product\/48182","targetHints":{"allow":["GET"]}}],"collection":[{"href":"https:\/\/microtech.tools\/pl\/wp-json\/wp\/v2\/product"}],"about":[{"href":"https:\/\/microtech.tools\/pl\/wp-json\/wp\/v2\/types\/product"}],"wp:featuredmedia":[{"embeddable":true,"href":"https:\/\/microtech.tools\/pl\/wp-json\/wp\/v2\/media\/48148"}],"wp:attachment":[{"href":"https:\/\/microtech.tools\/pl\/wp-json\/wp\/v2\/media?parent=48182"}],"wp:term":[{"taxonomy":"product_brand","embeddable":true,"href":"https:\/\/microtech.tools\/pl\/wp-json\/wp\/v2\/product_brand?post=48182"},{"taxonomy":"product_cat","embeddable":true,"href":"https:\/\/microtech.tools\/pl\/wp-json\/wp\/v2\/product_cat?post=48182"},{"taxonomy":"product_tag","embeddable":true,"href":"https:\/\/microtech.tools\/pl\/wp-json\/wp\/v2\/product_tag?post=48182"}],"curies":[{"name":"wp","href":"https:\/\/api.w.org\/{rel}","templated":true}]}}