{"id":48268,"date":"2025-12-24T12:41:33","date_gmt":"2025-12-24T09:41:33","guid":{"rendered":"https:\/\/microtech.tools\/?post_type=product&#038;p=48268"},"modified":"2026-03-20T10:27:59","modified_gmt":"2026-03-20T07:27:59","slug":"komputerowy-grubosciomierz-tarczowy-datamet-d50mm-0-50x00001-300mm","status":"publish","type":"product","link":"https:\/\/microtech.tools\/pl\/produkt\/komputerowy-grubosciomierz-tarczowy-datamet-d50mm-0-50x00001-300mm\/","title":{"rendered":"Komputerowy grubo\u015bciomierz tarczowy DataMet D=50mm 0-50&#215;0,0001 (300mm)"},"content":{"rendered":"<p data-path-to-node=\"1\">MICROTECH produkuje komputerowe grubo\u015bciomierze tarczowe z r\u00f3\u017cnymi kowade\u0142kami i powierzchniami pomiarowymi zgodnie z najnowszymi standardami. Wyposa\u017cone w komputerowy czujnik DataMet do zastosowa\u0144 Industry 4.0.<\/p>\n<p data-path-to-node=\"2\">Zakres pomiarowy 0-50 mm, rozdzielczo\u015b\u0107 0,0001 mm, g\u0142\u0119boko\u015b\u0107 300 mm, \u015brednica kowade\u0142ka D=50mm<\/p>\n<p data-path-to-node=\"3\">Komputerowy system pomiarowy MICS wyposa\u017cony w pami\u0119\u0107 wewn\u0119trzn\u0105, funkcje Go\/NoGo z kolorow\u0105 sygnalizacj\u0105, Max\/min, Timer, kod PIN, funkcj\u0119 formu\u0142y, r\u0119czn\u0105 kompensacj\u0119 temperatury i b\u0142\u0119d\u00f3w.<\/p>\n<p data-path-to-node=\"4\">Kolorowy wy\u015bwietlacz o wysokiej rozdzielczo\u015bci i ekran dotykowy zapewniaj\u0105 wysok\u0105 u\u017cyteczno\u015b\u0107.<\/p>\n<ul data-path-to-node=\"5\">\n<li>\n<p data-path-to-node=\"5,0,0\">Pami\u0119\u0107 wewn\u0119trzna z trybem statystycznym<\/p>\n<\/li>\n<li>\n<p data-path-to-node=\"5,1,0\">Kolorowa sygnalizacja Go\/NoGo (limity)<\/p>\n<\/li>\n<li>\n<p data-path-to-node=\"5,2,0\">Funkcja Peak (Min\/Max)<\/p>\n<\/li>\n<li>\n<p data-path-to-node=\"5,3,0\">Timer (odczyt do pami\u0119ci lub transfer danych)<\/p>\n<\/li>\n<li>\n<p data-path-to-node=\"5,4,0\">Formu\u0142a \u2013 obliczenia czujnika Ax2+Bx+C<\/p>\n<\/li>\n<li>\n<p data-path-to-node=\"5,5,0\">Wyb\u00f3r rozdzielczo\u015bci (0,1 \/ 1 \/ 10 Mikron\u00f3w)<\/p>\n<\/li>\n<li>\n<p data-path-to-node=\"5,6,0\">Wyb\u00f3r mm\/cal<\/p>\n<\/li>\n<li>\n<p data-path-to-node=\"5,7,0\">Kompensacja temperatury<\/p>\n<\/li>\n<li>\n<p data-path-to-node=\"5,8,0\">Matematyczna kompensacja b\u0142\u0119d\u00f3w<\/p>\n<\/li>\n<li>\n<p data-path-to-node=\"5,9,0\">Bezprzewodowy transfer danych do urz\u0105dze\u0144 Windows, iOS, Android<\/p>\n<\/li>\n<li>\n<p data-path-to-node=\"5,10,0\">Transfer danych USB HID do urz\u0105dze\u0144 Windows, MacOS, Linux, Android (tryb klawiatury)<\/p>\n<\/li>\n<li>\n<p data-path-to-node=\"5,11,0\">Wbudowany akumulator Li-Pol z \u0142adowark\u0105 magnetyczn\u0105<\/p>\n<\/li>\n<li>\n<p data-path-to-node=\"5,12,0\">Kolorowy wy\u015bwietlacz o wysokiej rozdzielczo\u015bci 1,54 cala z ekranem dotykowym.<\/p>\n<\/li>\n<\/ul>\n<p data-path-to-node=\"6\">Urz\u0105dzenie posiada modu\u0142 bezprzewodowego transferu danych dalekiego zasi\u0119gu. MICROTECH posiada bezp\u0142atne wersje aplikacji na komputery Windows, telefony i tablety z systemami Android oraz iOS.<\/p>\n<p data-path-to-node=\"7\">Urz\u0105dzenia komputerowe MICROTECH posiadaj\u0105 funkcj\u0119 transferu danych USB HID do przesy\u0142ania aktualnych danych oraz danych z pami\u0119ci bezpo\u015brednio do dowolnej aplikacji w systemach Windows, Linux, MacOS, Android w trybie klawiatury za pomoc\u0105 zwyk\u0142ego kabla USB, bez specjalnego oprogramowania.<\/p>\n<p data-path-to-node=\"8\">Wszystkie precyzyjne grubo\u015bciomierze MICROTECH przechodz\u0105 kontrol\u0119 metrologiczn\u0105 na automatycznym stanowisku kalibracyjnym w akredytowanym laboratorium metrologicznym ISO 17025:2019. Wszystkie grubo\u015bciomierze s\u0105 dostarczane z protoko\u0142em kalibracji i instrukcj\u0105 obs\u0142ugi.<\/p>\n","protected":false},"excerpt":{"rendered":"<p data-path-to-node=\"1\">MICROTECH produkuje komputerowe grubo\u015bciomierze tarczowe z r\u00f3\u017cnymi kowade\u0142kami i powierzchniami pomiarowymi zgodnie z najnowszymi standardami. Wyposa\u017cone w komputerowy czujnik DataMet do zastosowa\u0144 Industry 4.0.<\/p>\n<p data-path-to-node=\"2\">Zakres pomiarowy 0-50 mm, rozdzielczo\u015b\u0107 0,0001 mm, g\u0142\u0119boko\u015b\u0107 300 mm, \u015brednica kowade\u0142ka D=50mm<\/p>\n","protected":false},"featured_media":48195,"template":"","meta":{"_acf_changed":false},"product_brand":[6886],"product_cat":[5141],"product_tag":[],"class_list":{"0":"post-48268","1":"product","2":"type-product","3":"status-publish","4":"has-post-thumbnail","6":"product_brand-microtech","7":"product_cat-komputerowe-mikrometry-tarczowe","8":"pa_meas-range-0-50-mm","9":"pa_resolution-mm-0-0001-mm","11":"first","12":"instock","13":"purchasable","14":"product-type-simple"},"acf":[],"_links":{"self":[{"href":"https:\/\/microtech.tools\/pl\/wp-json\/wp\/v2\/product\/48268","targetHints":{"allow":["GET"]}}],"collection":[{"href":"https:\/\/microtech.tools\/pl\/wp-json\/wp\/v2\/product"}],"about":[{"href":"https:\/\/microtech.tools\/pl\/wp-json\/wp\/v2\/types\/product"}],"wp:featuredmedia":[{"embeddable":true,"href":"https:\/\/microtech.tools\/pl\/wp-json\/wp\/v2\/media\/48195"}],"wp:attachment":[{"href":"https:\/\/microtech.tools\/pl\/wp-json\/wp\/v2\/media?parent=48268"}],"wp:term":[{"taxonomy":"product_brand","embeddable":true,"href":"https:\/\/microtech.tools\/pl\/wp-json\/wp\/v2\/product_brand?post=48268"},{"taxonomy":"product_cat","embeddable":true,"href":"https:\/\/microtech.tools\/pl\/wp-json\/wp\/v2\/product_cat?post=48268"},{"taxonomy":"product_tag","embeddable":true,"href":"https:\/\/microtech.tools\/pl\/wp-json\/wp\/v2\/product_tag?post=48268"}],"curies":[{"name":"wp","href":"https:\/\/api.w.org\/{rel}","templated":true}]}}