{"id":48349,"date":"2023-03-13T13:59:36","date_gmt":"2023-03-13T10:59:36","guid":{"rendered":"https:\/\/microtech.tools\/?post_type=product&#038;p=48349"},"modified":"2026-03-20T10:27:04","modified_gmt":"2026-03-20T07:27:04","slug":"datamet-grubosciomierz-o-stalym-nacisku","status":"publish","type":"product","link":"https:\/\/microtech.tools\/pl\/produkt\/datamet-grubosciomierz-o-stalym-nacisku\/","title":{"rendered":"DataMet Grubo\u015bciomierz o sta\u0142ym nacisku"},"content":{"rendered":"<p>Grubo\u015bciomierze o sta\u0142ym nacisku MICROTECH mog\u0105 posiada\u0107 r\u00f3\u017cne zakresy pomiarowe. Te grubo\u015bciomierze mog\u0105 by\u0107 wyposa\u017cone w komputerowe, cyfrowe lub zegarowe czujniki o rozdzielczo\u015bci 10, 1 lub 0,1 Mikron\u00f3w. Komputerowe grubo\u015bciomierze mog\u0105 przesy\u0142a\u0107 dane bezprzewodowo lub przez USB do system\u00f3w Windows, Android, iOS. Na \u017cyczenie mo\u017cliwe jest wykonanie niestandardowej konfiguracji oraz zakresu przyrz\u0105d\u00f3w.<\/p>\n<p>Wszystkie grubo\u015bciomierze MICROTECH przechodz\u0105 kontrol\u0119 metrologiczn\u0105 w akredytowanym laboratorium ISO17025.<\/p>\n","protected":false},"excerpt":{"rendered":"<p>Grubo\u015bciomierze o sta\u0142ym nacisku MICROTECH mog\u0105 posiada\u0107 r\u00f3\u017cne zakresy pomiarowe. Te grubo\u015bciomierze mog\u0105 by\u0107 wyposa\u017cone w komputerowe, cyfrowe lub zegarowe czujniki o rozdzielczo\u015bci 10, 1 lub 0,1 Mikron\u00f3w.<\/p>\n","protected":false},"featured_media":48358,"template":"","meta":{"_acf_changed":false},"product_brand":[6886],"product_cat":[5139],"product_tag":[],"class_list":{"0":"post-48349","1":"product","2":"type-product","3":"status-publish","4":"has-post-thumbnail","6":"product_brand-microtech","7":"product_cat-komputerowe-grubosciomierze","8":"pa_battery-li_pol","9":"pa_calibration-iso17025","10":"pa_dataoutput-usbhid","11":"pa_dataoutput-wireless","12":"pa_dataoutput-wirelesshid","13":"pa_indication-analog","14":"pa_indication-computerized1_54","15":"pa_indication-digital","16":"pa_rangeupto_mm-6015","17":"pa_resolution_mm-0_001","18":"pa_resolution_mm-5912","20":"first","21":"instock","22":"shipping-taxable","23":"purchasable","24":"product-type-variable"},"acf":[],"_links":{"self":[{"href":"https:\/\/microtech.tools\/pl\/wp-json\/wp\/v2\/product\/48349","targetHints":{"allow":["GET"]}}],"collection":[{"href":"https:\/\/microtech.tools\/pl\/wp-json\/wp\/v2\/product"}],"about":[{"href":"https:\/\/microtech.tools\/pl\/wp-json\/wp\/v2\/types\/product"}],"wp:featuredmedia":[{"embeddable":true,"href":"https:\/\/microtech.tools\/pl\/wp-json\/wp\/v2\/media\/48358"}],"wp:attachment":[{"href":"https:\/\/microtech.tools\/pl\/wp-json\/wp\/v2\/media?parent=48349"}],"wp:term":[{"taxonomy":"product_brand","embeddable":true,"href":"https:\/\/microtech.tools\/pl\/wp-json\/wp\/v2\/product_brand?post=48349"},{"taxonomy":"product_cat","embeddable":true,"href":"https:\/\/microtech.tools\/pl\/wp-json\/wp\/v2\/product_cat?post=48349"},{"taxonomy":"product_tag","embeddable":true,"href":"https:\/\/microtech.tools\/pl\/wp-json\/wp\/v2\/product_tag?post=48349"}],"curies":[{"name":"wp","href":"https:\/\/api.w.org\/{rel}","templated":true}]}}