{"id":48414,"date":"2023-03-06T13:51:28","date_gmt":"2023-03-06T10:51:28","guid":{"rendered":"https:\/\/microtech.tools\/?post_type=product&#038;p=48414"},"modified":"2026-03-19T17:44:27","modified_gmt":"2026-03-19T14:44:27","slug":"aplikacja-microtech-mds-na-androida","status":"publish","type":"product","link":"https:\/\/microtech.tools\/pl\/produkt\/aplikacja-microtech-mds-na-androida\/","title":{"rendered":"Aplikacja MICROTECH MDS na Androida"},"content":{"rendered":"<p><iframe title=\"MICROTECH computerized instruments Wireless &amp; USB connections\" width=\"1140\" height=\"641\" src=\"https:\/\/www.youtube.com\/embed\/XAxhoo0Iih8?feature=oembed\" frameborder=\"0\" allow=\"accelerometer; autoplay; clipboard-write; encrypted-media; gyroscope; picture-in-picture; web-share\" referrerpolicy=\"strict-origin-when-cross-origin\" allowfullscreen><\/iframe><\/p>\n<p data-path-to-node=\"1\">Bezprzewodowe i komputerowe przyrz\u0105dy pomiarowe MICROTECH umo\u017cliwiaj\u0105 szybki transfer danych bezpo\u015brednio do tablet\u00f3w i smartfon\u00f3w z systemem Android. Kluczow\u0105 zalet\u0105 urz\u0105dze\u0144 MICROTECH jest dost\u0119pno\u015b\u0107 bezprzewodowej transmisji danych o dalekim zasi\u0119gu do 50 m. Seria komputerowa jest wyposa\u017cona w pami\u0119\u0107 wewn\u0119trzn\u0105 do przechowywania wynik\u00f3w pomiar\u00f3w, kt\u00f3re mog\u0105 zosta\u0107 p\u00f3\u017aniej przes\u0142ane do dowolnego urz\u0105dzenia z systemem Android 6.0 lub nowszym bez utraty danych. Obs\u0142ugiwane jest po\u0142\u0105czenie dla narz\u0119dzi DataMet oraz bezprzewodowych SwissMet, co pozwala na jednoczesne pod\u0142\u0105czenie do 8 przyrz\u0105d\u00f3w. Dost\u0119pne s\u0105 wersje Free (do 2 po\u0142\u0105cze\u0144) oraz Pro oprogramowania MDS na Androida. Oprogramowanie umo\u017cliwia pod\u0142\u0105czenie czujnik\u00f3w, suwmiarek, mikrometr\u00f3w oraz \u015brednic\u00f3wek MICROTECH, zapewniaj\u0105c rozbudowane funkcje pomiarowe i kontroli jako\u015bci:<\/p>\n<ul data-path-to-node=\"2\">\n<li>\n<p data-path-to-node=\"2,0,0\">Kolorowa kontrola granic Go\/NoGo<\/p>\n<\/li>\n<li>\n<p data-path-to-node=\"2,1,0\">Wy\u015bwietlanie wykres\u00f3w i rejestracja danych<\/p>\n<\/li>\n<li>\n<p data-path-to-node=\"2,2,0\">Eksport wynik\u00f3w do format\u00f3w *.xls lub *.csv<\/p>\n<\/li>\n<li>\n<p data-path-to-node=\"2,3,0\">Zapis danych w okre\u015blonych odst\u0119pach czasu i g\u0142osowe raportowanie warto\u015bci pomiarowych<\/p>\n<\/li>\n<li>\n<p data-path-to-node=\"2,4,0\">Zintegrowany modu\u0142 QC z mo\u017cliwo\u015bci\u0105 oceny detali na rysunkach lub zdj\u0119ciach ze zdefiniowanymi wymiarami<\/p>\n<\/li>\n<\/ul>\n<p>&nbsp;<\/p>\n<table border=\"0\" width=\"70%\" cellspacing=\"0\" cellpadding=\"0\">\n<thead>\n<tr bgcolor=\"#ffffff\">\n<th>Title<\/th>\n<th>Download<\/th>\n<\/tr>\n<\/thead>\n<tbody>\n<tr bgcolor=\"#f5f5f5\">\n<td colspan=\"4\">Android (10.0 or newer)<\/td>\n<td><\/td>\n<\/tr>\n<tr bgcolor=\"#ffffff\">\n<td><a href=\"https:\/\/play.google.com\/store\/apps\/details?id=com.microtech.measurementsuite2\" target=\"_blank\" rel=\"noopener\">MICROTECH Data Systems 5.0<\/a><\/td>\n<td><a href=\"https:\/\/play.google.com\/store\/apps\/details?id=com.microtech.measurementsuite2\" target=\"_blank\" rel=\"noopener\"><img decoding=\"async\" class=\" size-full wp-image-664\" src=\"https:\/\/microtech.tools\/wp-content\/uploads\/2023\/03\/googlep-b26-Download-MICROTECH-Data-Systems-for-Android.png\" alt=\"Download MICROTECH Data Systems for Android\" width=\"135\" height=\"40\" \/><\/a><\/td>\n<\/tr>\n<\/tbody>\n<\/table>\n","protected":false},"excerpt":{"rendered":"<p>Bezprzewodowe i komputerowe przyrz\u0105dy pomiarowe MICROTECH umo\u017cliwiaj\u0105 szybki transfer danych bezpo\u015brednio do tablet\u00f3w i smartfon\u00f3w z systemem Android. Kluczow\u0105 zalet\u0105 urz\u0105dze\u0144 MICROTECH jest dost\u0119pno\u015b\u0107 bezprzewodowej transmisji danych o dalekim zasi\u0119gu do 50 m.<\/p>\n","protected":false},"featured_media":48424,"template":"","meta":{"_acf_changed":false},"product_brand":[6886],"product_cat":[5045],"product_tag":[],"class_list":{"0":"post-48414","1":"product","2":"type-product","3":"status-publish","4":"has-post-thumbnail","6":"product_brand-microtech","7":"product_cat-transmisja-danych-i-oprogramowanie","9":"first","10":"instock","11":"shipping-taxable","12":"purchasable","13":"product-type-simple"},"acf":[],"_links":{"self":[{"href":"https:\/\/microtech.tools\/pl\/wp-json\/wp\/v2\/product\/48414","targetHints":{"allow":["GET"]}}],"collection":[{"href":"https:\/\/microtech.tools\/pl\/wp-json\/wp\/v2\/product"}],"about":[{"href":"https:\/\/microtech.tools\/pl\/wp-json\/wp\/v2\/types\/product"}],"wp:featuredmedia":[{"embeddable":true,"href":"https:\/\/microtech.tools\/pl\/wp-json\/wp\/v2\/media\/48424"}],"wp:attachment":[{"href":"https:\/\/microtech.tools\/pl\/wp-json\/wp\/v2\/media?parent=48414"}],"wp:term":[{"taxonomy":"product_brand","embeddable":true,"href":"https:\/\/microtech.tools\/pl\/wp-json\/wp\/v2\/product_brand?post=48414"},{"taxonomy":"product_cat","embeddable":true,"href":"https:\/\/microtech.tools\/pl\/wp-json\/wp\/v2\/product_cat?post=48414"},{"taxonomy":"product_tag","embeddable":true,"href":"https:\/\/microtech.tools\/pl\/wp-json\/wp\/v2\/product_tag?post=48414"}],"curies":[{"name":"wp","href":"https:\/\/api.w.org\/{rel}","templated":true}]}}