{"id":48437,"date":"2023-03-06T13:45:13","date_gmt":"2023-03-06T10:45:13","guid":{"rendered":"https:\/\/microtech.tools\/?post_type=product&#038;p=48437"},"modified":"2026-03-19T17:44:36","modified_gmt":"2026-03-19T14:44:36","slug":"aplikacja-microtech-mds-dla-ios","status":"publish","type":"product","link":"https:\/\/microtech.tools\/pl\/produkt\/aplikacja-microtech-mds-dla-ios\/","title":{"rendered":"Aplikacja MICROTECH MDS dla iOS"},"content":{"rendered":"<p><iframe title=\"MICROTECH computerized instruments Wireless &amp; USB connections\" width=\"1140\" height=\"641\" src=\"https:\/\/www.youtube.com\/embed\/XAxhoo0Iih8?feature=oembed\" frameborder=\"0\" allow=\"accelerometer; autoplay; clipboard-write; encrypted-media; gyroscope; picture-in-picture; web-share\" referrerpolicy=\"strict-origin-when-cross-origin\" allowfullscreen><\/iframe><\/p>\n<p data-path-to-node=\"0\">Bezprzewodowe przyrz\u0105dy MICROTECH \u2014 \u0142\u0105czno\u015b\u0107 z iOS<\/p>\n<p data-path-to-node=\"1\">Przyrz\u0105dy pomiarowe MICROTECH mog\u0105 \u0142\u0105czy\u0107 si\u0119 z urz\u0105dzeniami iOS poprzez BEZP\u0141ATN\u0104 aplikacj\u0119 MDS dla iOS, dost\u0119pn\u0105 w App Store.<\/p>\n<p data-path-to-node=\"2\">Aplikacja umo\u017cliwia bezprzewodow\u0105 komunikacj\u0119 ze wszystkimi przyrz\u0105dami DataMet i bezprzewodowymi SwissMet, obs\u0142uguj\u0105c do 8 jednoczesnych po\u0142\u0105cze\u0144 bez konieczno\u015bci stosowania jakiegokolwiek klucza USB.<\/p>\n<p data-path-to-node=\"3\">Dla wersji bezprzewodowych SwissMet dost\u0119pne s\u0105 zar\u00f3wno tryb standardowy, jak i tryb oszcz\u0119dzania energii, aby zoptymalizowa\u0107 zu\u017cycie energii podczas transmisji danych.<\/p>\n<p data-path-to-node=\"4\">Oprogramowanie pozwala na pod\u0142\u0105czenie czujnik\u00f3w, suwmiarek, mikrometr\u00f3w i \u015brednic\u00f3wek MICROTECH, zapewniaj\u0105c rozbudowane funkcje pomiarowe oraz kontroli jako\u015bci:<\/p>\n<ul data-path-to-node=\"5\">\n<li>\n<p data-path-to-node=\"5,0,0\">Kolorowa kontrola granic Go\/NoGo<\/p>\n<\/li>\n<li>\n<p data-path-to-node=\"5,1,0\">Wy\u015bwietlanie wykres\u00f3w i rejestracja danych<\/p>\n<\/li>\n<li>\n<p data-path-to-node=\"5,2,0\">Eksport wynik\u00f3w do format\u00f3w *.xls lub *.csv<\/p>\n<\/li>\n<li>\n<p data-path-to-node=\"5,3,0\">Zapisywanie danych w odst\u0119pach czasowych i g\u0142osowe raportowanie zmierzonych warto\u015bci<\/p>\n<\/li>\n<li>\n<p data-path-to-node=\"5,4,0\">Zintegrowany modu\u0142 QC z mo\u017cliwo\u015bci\u0105 oceny detali na rysunkach lub zdj\u0119ciach ze zdefiniowanymi wymiarami<\/p>\n<\/li>\n<\/ul>\n","protected":false},"excerpt":{"rendered":"<p data-path-to-node=\"1\">Przyrz\u0105dy pomiarowe MICROTECH mog\u0105 \u0142\u0105czy\u0107 si\u0119 z urz\u0105dzeniami iOS poprzez BEZP\u0141ATN\u0104 aplikacj\u0119 MDS dla iOS, dost\u0119pn\u0105 w App Store.<\/p>\n<p data-path-to-node=\"2\">Aplikacja umo\u017cliwia bezprzewodow\u0105 komunikacj\u0119 ze wszystkimi przyrz\u0105dami DataMet i bezprzewodowymi SwissMet, obs\u0142uguj\u0105c do 8 jednoczesnych po\u0142\u0105cze\u0144 bez konieczno\u015bci stosowania jakiegokolwiek klucza USB.<\/p>\n","protected":false},"featured_media":48447,"template":"","meta":{"_acf_changed":false},"product_brand":[6886],"product_cat":[5045],"product_tag":[],"class_list":{"0":"post-48437","1":"product","2":"type-product","3":"status-publish","4":"has-post-thumbnail","6":"product_brand-microtech","7":"product_cat-transmisja-danych-i-oprogramowanie","9":"first","10":"instock","11":"shipping-taxable","12":"purchasable","13":"product-type-simple"},"acf":[],"_links":{"self":[{"href":"https:\/\/microtech.tools\/pl\/wp-json\/wp\/v2\/product\/48437","targetHints":{"allow":["GET"]}}],"collection":[{"href":"https:\/\/microtech.tools\/pl\/wp-json\/wp\/v2\/product"}],"about":[{"href":"https:\/\/microtech.tools\/pl\/wp-json\/wp\/v2\/types\/product"}],"wp:featuredmedia":[{"embeddable":true,"href":"https:\/\/microtech.tools\/pl\/wp-json\/wp\/v2\/media\/48447"}],"wp:attachment":[{"href":"https:\/\/microtech.tools\/pl\/wp-json\/wp\/v2\/media?parent=48437"}],"wp:term":[{"taxonomy":"product_brand","embeddable":true,"href":"https:\/\/microtech.tools\/pl\/wp-json\/wp\/v2\/product_brand?post=48437"},{"taxonomy":"product_cat","embeddable":true,"href":"https:\/\/microtech.tools\/pl\/wp-json\/wp\/v2\/product_cat?post=48437"},{"taxonomy":"product_tag","embeddable":true,"href":"https:\/\/microtech.tools\/pl\/wp-json\/wp\/v2\/product_tag?post=48437"}],"curies":[{"name":"wp","href":"https:\/\/api.w.org\/{rel}","templated":true}]}}