{"id":48459,"date":"2025-10-17T08:57:04","date_gmt":"2025-10-17T05:57:04","guid":{"rendered":"https:\/\/microtech.tools\/?post_type=product&#038;p=48459"},"modified":"2026-03-20T10:29:52","modified_gmt":"2026-03-20T07:29:52","slug":"aplikacja-microtech-mds-dla-systemu-macos","status":"publish","type":"product","link":"https:\/\/microtech.tools\/pl\/produkt\/aplikacja-microtech-mds-dla-systemu-macos\/","title":{"rendered":"Aplikacja MICROTECH MDS dla systemu MacOS"},"content":{"rendered":"<p><iframe title=\"MICROTECH computerized instruments Wireless &amp; USB connections\" width=\"1140\" height=\"641\" src=\"https:\/\/www.youtube.com\/embed\/XAxhoo0Iih8?feature=oembed\" frameborder=\"0\" allow=\"accelerometer; autoplay; clipboard-write; encrypted-media; gyroscope; picture-in-picture; web-share\" referrerpolicy=\"strict-origin-when-cross-origin\" allowfullscreen><\/iframe><\/p>\n<p data-path-to-node=\"1\">Przyrz\u0105dy pomiarowe MICROTECH mog\u0105 \u0142\u0105czy\u0107 si\u0119 z urz\u0105dzeniami MacOS za pomoc\u0105 BEZP\u0141ATNEJ aplikacji MDS dla systemu MacOS, dost\u0119pnej w App Store. Aplikacja umo\u017cliwia komunikacj\u0119 bezprzewodow\u0105 ze wszystkimi przyrz\u0105dami DataMet oraz bezprzewodowymi przyrz\u0105dami SwissMet, obs\u0142uguj\u0105c do 8 jednoczesnych po\u0142\u0105cze\u0144 bez konieczno\u015bci stosowania jakichkolwiek adapter\u00f3w USB. Dla wersji bezprzewodowych SwissMet dost\u0119pne s\u0105 zar\u00f3wno tryb Standard, jak i tryb oszcz\u0119dzania energii (Energy Saving Mode), aby zoptymalizowa\u0107 zu\u017cycie energii podczas transmisji danych. Oprogramowanie umo\u017cliwia pod\u0142\u0105czenie czujnik\u00f3w, suwmiarek, mikrometr\u00f3w oraz \u015brednic\u00f3wek MICROTECH, zapewniaj\u0105c rozbudowane funkcje pomiarowe i kontroli jako\u015bci:<\/p>\n<ul data-path-to-node=\"2\">\n<li>\n<p data-path-to-node=\"2,0,0\">Kolorystyczna kontrola limit\u00f3w Go\/NoGo<\/p>\n<\/li>\n<li>\n<p data-path-to-node=\"2,1,0\">Wy\u015bwietlanie wykres\u00f3w i rejestracja danych<\/p>\n<\/li>\n<li>\n<p data-path-to-node=\"2,2,0\">Eksport wynik\u00f3w do format\u00f3w *.xls lub *.csv<\/p>\n<\/li>\n<li>\n<p data-path-to-node=\"2,3,0\">Zapis danych w okre\u015blonych odst\u0119pach czasu i g\u0142osowe raportowanie warto\u015bci pomiarowych<\/p>\n<\/li>\n<\/ul>\n<table border=\"0\" width=\"70%\" cellspacing=\"0\" cellpadding=\"0\">\n<thead>\n<tr bgcolor=\"#ffffff\">\n<th>Title<\/th>\n<th style=\"text-align: center;\">Download<\/th>\n<\/tr>\n<\/thead>\n<tbody>\n<tr bgcolor=\"#f5f5f5\">\n<td style=\"font-weight: bold;\" colspan=\"4\">Apple iOS (10.0 or newer)<\/td>\n<td><\/td>\n<\/tr>\n<tr bgcolor=\"#ffffff\">\n<td style=\"padding-left: 20px;\"><a href=\"https:\/\/itunes.apple.com\/us\/app\/microtech-data-systems\/id1336434154?mt=8\" target=\"_blank\" rel=\"noopener\">MICROTECH Data Systems 1.0.0<\/a><\/td>\n<td style=\"text-align: center;\"><a href=\"https:\/\/itunes.apple.com\/us\/app\/microtech-data-systems\/id1336434154?mt=8\" target=\"_blank\" rel=\"noopener\"><img decoding=\"async\" src=\"https:\/\/microtech.ua\/img\/cms\/appstore-lrg-efcb5a04c3f3ab07b704da708819a614cca5ae1debda359f9f9841d6fed5de96.svg\" alt=\"Download MICROTECH Data Systems for iOS\" width=\"135\" height=\"40\" \/><\/a><\/td>\n<\/tr>\n<\/tbody>\n<\/table>\n","protected":false},"excerpt":{"rendered":"<p>Przyrz\u0105dy pomiarowe MICROTECH mog\u0105 \u0142\u0105czy\u0107 si\u0119 z urz\u0105dzeniami MacOS za pomoc\u0105 BEZP\u0141ATNEJ aplikacji MDS dla systemu MacOS, dost\u0119pnej w App Store. Aplikacja umo\u017cliwia komunikacj\u0119 bezprzewodow\u0105 ze wszystkimi przyrz\u0105dami DataMet oraz bezprzewodowymi przyrz\u0105dami SwissMet, obs\u0142uguj\u0105c do 8 jednoczesnych po\u0142\u0105cze\u0144 bez konieczno\u015bci stosowania jakichkolwiek adapter\u00f3w USB.<\/p>\n","protected":false},"featured_media":48461,"template":"","meta":{"_acf_changed":false},"product_brand":[6886],"product_cat":[5045],"product_tag":[],"class_list":{"0":"post-48459","1":"product","2":"type-product","3":"status-publish","4":"has-post-thumbnail","6":"product_brand-microtech","7":"product_cat-transmisja-danych-i-oprogramowanie","9":"first","10":"instock","11":"shipping-taxable","12":"purchasable","13":"product-type-simple"},"acf":[],"_links":{"self":[{"href":"https:\/\/microtech.tools\/pl\/wp-json\/wp\/v2\/product\/48459","targetHints":{"allow":["GET"]}}],"collection":[{"href":"https:\/\/microtech.tools\/pl\/wp-json\/wp\/v2\/product"}],"about":[{"href":"https:\/\/microtech.tools\/pl\/wp-json\/wp\/v2\/types\/product"}],"wp:featuredmedia":[{"embeddable":true,"href":"https:\/\/microtech.tools\/pl\/wp-json\/wp\/v2\/media\/48461"}],"wp:attachment":[{"href":"https:\/\/microtech.tools\/pl\/wp-json\/wp\/v2\/media?parent=48459"}],"wp:term":[{"taxonomy":"product_brand","embeddable":true,"href":"https:\/\/microtech.tools\/pl\/wp-json\/wp\/v2\/product_brand?post=48459"},{"taxonomy":"product_cat","embeddable":true,"href":"https:\/\/microtech.tools\/pl\/wp-json\/wp\/v2\/product_cat?post=48459"},{"taxonomy":"product_tag","embeddable":true,"href":"https:\/\/microtech.tools\/pl\/wp-json\/wp\/v2\/product_tag?post=48459"}],"curies":[{"name":"wp","href":"https:\/\/api.w.org\/{rel}","templated":true}]}}