{"id":48465,"date":"2023-03-06T13:51:33","date_gmt":"2023-03-06T10:51:33","guid":{"rendered":"https:\/\/microtech.tools\/?post_type=product&#038;p=48465"},"modified":"2026-03-19T17:44:27","modified_gmt":"2026-03-19T14:44:27","slug":"standardowy-zestaw-danych-mds-dla-systemu-windows","status":"publish","type":"product","link":"https:\/\/microtech.tools\/pl\/produkt\/standardowy-zestaw-danych-mds-dla-systemu-windows\/","title":{"rendered":"Standardowy zestaw danych MDS dla systemu Windows"},"content":{"rendered":"<p><iframe title=\"MICROTECH computerized instruments Wireless &amp; USB connections\" width=\"1140\" height=\"641\" src=\"https:\/\/www.youtube.com\/embed\/XAxhoo0Iih8?feature=oembed\" frameborder=\"0\" allow=\"accelerometer; autoplay; clipboard-write; encrypted-media; gyroscope; picture-in-picture; web-share\" referrerpolicy=\"strict-origin-when-cross-origin\" allowfullscreen><\/iframe><\/p>\n<p data-path-to-node=\"1\">Bezprzewodowe i skomputeryzowane przyrz\u0105dy MICROTECH mog\u0105 przesy\u0142a\u0107 wyniki pomiar\u00f3w bezpo\u015brednio do komputera PC z systemem Windows. G\u0142\u00f3wn\u0105 zalet\u0105 przyrz\u0105d\u00f3w MICROTECH jest mo\u017cliwo\u015b\u0107 bezprzewodowej transmisji danych o du\u017cym zasi\u0119gu do 50 metr\u00f3w. Serie skomputeryzowane mog\u0105 r\u00f3wnie\u017c przechowywa\u0107 warto\u015bci w pami\u0119ci wewn\u0119trznej z mo\u017cliwo\u015bci\u0105 ich p\u00f3\u017aniejszego przes\u0142ania do dowolnej wersji oprogramowania bez utraty danych.<\/p>\n<p data-path-to-node=\"2\">W wersji STANDARD mo\u017cliwe jest jednoczesne pod\u0142\u0105czenie do 3 przyrz\u0105d\u00f3w MICROTECH (czujniki, suwmiarki, mikrometry lub \u015brednic\u00f3wki) do komputera PC z systemem Windows. Zestaw zawiera jeden klucz USB Dongle oraz przed\u0142u\u017cacz USB MDS o d\u0142ugo\u015bci 1 m.<\/p>\n<p data-path-to-node=\"3\">Oprogramowanie MDS w wersji 5.5 jest dost\u0119pne w wersjach STANDARD, OPTIMA i PRO dostarczanych na pendrive USB. Oprogramowanie mo\u017ce przesy\u0142a\u0107 dane do dowolnej aplikacji Windows, weryfikowa\u0107 limity (Dobry\/Niedobry), wy\u015bwietla\u0107 wykresy, eksportowa\u0107 wyniki do plik\u00f3w *.xls lub *.csv oraz zapisywa\u0107 dane za pomoc\u0105 opcjonalnego przycisku DataMet, prze\u0142\u0105cznika no\u017cnego lub timera.<\/p>\n","protected":false},"excerpt":{"rendered":"<p>W wersji STANDARD mo\u017cliwe jest jednoczesne pod\u0142\u0105czenie do 3 przyrz\u0105d\u00f3w MICROTECH (czujniki, suwmiarki, mikrometry lub \u015brednic\u00f3wki) do komputera PC z systemem Windows. Zestaw zawiera jeden klucz USB Dongle oraz przed\u0142u\u017cacz USB MDS o d\u0142ugo\u015bci 1 m.<\/p>\n","protected":false},"featured_media":48473,"template":"","meta":{"_acf_changed":false},"product_brand":[6886],"product_cat":[5045],"product_tag":[],"class_list":{"0":"post-48465","1":"product","2":"type-product","3":"status-publish","4":"has-post-thumbnail","6":"product_brand-microtech","7":"product_cat-transmisja-danych-i-oprogramowanie","9":"first","10":"instock","11":"shipping-taxable","12":"purchasable","13":"product-type-simple"},"acf":[],"_links":{"self":[{"href":"https:\/\/microtech.tools\/pl\/wp-json\/wp\/v2\/product\/48465","targetHints":{"allow":["GET"]}}],"collection":[{"href":"https:\/\/microtech.tools\/pl\/wp-json\/wp\/v2\/product"}],"about":[{"href":"https:\/\/microtech.tools\/pl\/wp-json\/wp\/v2\/types\/product"}],"wp:featuredmedia":[{"embeddable":true,"href":"https:\/\/microtech.tools\/pl\/wp-json\/wp\/v2\/media\/48473"}],"wp:attachment":[{"href":"https:\/\/microtech.tools\/pl\/wp-json\/wp\/v2\/media?parent=48465"}],"wp:term":[{"taxonomy":"product_brand","embeddable":true,"href":"https:\/\/microtech.tools\/pl\/wp-json\/wp\/v2\/product_brand?post=48465"},{"taxonomy":"product_cat","embeddable":true,"href":"https:\/\/microtech.tools\/pl\/wp-json\/wp\/v2\/product_cat?post=48465"},{"taxonomy":"product_tag","embeddable":true,"href":"https:\/\/microtech.tools\/pl\/wp-json\/wp\/v2\/product_tag?post=48465"}],"curies":[{"name":"wp","href":"https:\/\/api.w.org\/{rel}","templated":true}]}}