{"id":48490,"date":"2023-03-06T13:51:36","date_gmt":"2023-03-06T10:51:36","guid":{"rendered":"https:\/\/microtech.tools\/?post_type=product&#038;p=48490"},"modified":"2026-03-19T17:44:26","modified_gmt":"2026-03-19T14:44:26","slug":"zestaw-danych-pro-mds-dla-systemu-windows","status":"publish","type":"product","link":"https:\/\/microtech.tools\/pl\/produkt\/zestaw-danych-pro-mds-dla-systemu-windows\/","title":{"rendered":"Zestaw danych PRO MDS dla systemu Windows"},"content":{"rendered":"<p data-path-to-node=\"1\">Przyrz\u0105dy bezprzewodowe i komputerowe MICROTECH mog\u0105 przesy\u0142a\u0107 wyniki pomiar\u00f3w bezpo\u015brednio do komputera z systemem Windows. G\u0142\u00f3wn\u0105 zalet\u0105 przyrz\u0105d\u00f3w MICROTECH jest funkcja bezprzewodowego przesy\u0142ania danych na du\u017ce odleg\u0142o\u015bci, a\u017c do 50 metr\u00f3w. Seria komputerowa umo\u017cliwia zapisywanie warto\u015bci w pami\u0119ci wewn\u0119trznej, a nast\u0119pnie przesy\u0142anie wszystkich danych do dowolnej wersji oprogramowania bez strat.<\/p>\n<p data-path-to-node=\"2\">W wersji PRO mo\u017cliwe jest jednoczesne pod\u0142\u0105czenie do 10 przyrz\u0105d\u00f3w MICROTECH (czujnik\u00f3w, suwmiarek, mikrometr\u00f3w lub \u015brednic\u00f3wek) do komputera z systemem Windows za pomoc\u0105 klucza USB. W zestawie znajduj\u0105 si\u0119 dwa klucze USB oraz dwa przed\u0142u\u017cacze USB MDS (po 1 m ka\u017cdy).<\/p>\n<p data-path-to-node=\"3\">Oprogramowanie MDS w wersji 5.5 jest dost\u0119pne w wersjach STANDARD, OPTIMA i PRO, dostarczanych na no\u015bniku USB. Oprogramowanie umo\u017cliwia ponowne przesy\u0142anie danych do dowolnej aplikacji Windows, kontrol\u0119 limit\u00f3w (Dobry\/Niedobry), wy\u015bwietlanie graficzne, eksport wynik\u00f3w do plik\u00f3w *.xls lub *.csv oraz zapisywanie danych za pomoc\u0105 opcjonalnych przycisk\u00f3w DataMet, prze\u0142\u0105cznika no\u017cnego lub timera.<\/p>\n","protected":false},"excerpt":{"rendered":"<p>W wersji PRO mo\u017cliwe jest jednoczesne pod\u0142\u0105czenie do 10 przyrz\u0105d\u00f3w MICROTECH (czujnik\u00f3w, suwmiarek, mikrometr\u00f3w lub \u015brednic\u00f3wek) do komputera z systemem Windows za pomoc\u0105 klucza USB. W zestawie znajduj\u0105 si\u0119 dwa klucze USB oraz dwa przed\u0142u\u017cacze USB MDS (po 1 m ka\u017cdy).<\/p>\n","protected":false},"featured_media":48496,"template":"","meta":{"_acf_changed":false},"product_brand":[6886],"product_cat":[5045],"product_tag":[],"class_list":{"0":"post-48490","1":"product","2":"type-product","3":"status-publish","4":"has-post-thumbnail","6":"product_brand-microtech","7":"product_cat-transmisja-danych-i-oprogramowanie","9":"first","10":"instock","11":"shipping-taxable","12":"purchasable","13":"product-type-simple"},"acf":[],"_links":{"self":[{"href":"https:\/\/microtech.tools\/pl\/wp-json\/wp\/v2\/product\/48490","targetHints":{"allow":["GET"]}}],"collection":[{"href":"https:\/\/microtech.tools\/pl\/wp-json\/wp\/v2\/product"}],"about":[{"href":"https:\/\/microtech.tools\/pl\/wp-json\/wp\/v2\/types\/product"}],"wp:featuredmedia":[{"embeddable":true,"href":"https:\/\/microtech.tools\/pl\/wp-json\/wp\/v2\/media\/48496"}],"wp:attachment":[{"href":"https:\/\/microtech.tools\/pl\/wp-json\/wp\/v2\/media?parent=48490"}],"wp:term":[{"taxonomy":"product_brand","embeddable":true,"href":"https:\/\/microtech.tools\/pl\/wp-json\/wp\/v2\/product_brand?post=48490"},{"taxonomy":"product_cat","embeddable":true,"href":"https:\/\/microtech.tools\/pl\/wp-json\/wp\/v2\/product_cat?post=48490"},{"taxonomy":"product_tag","embeddable":true,"href":"https:\/\/microtech.tools\/pl\/wp-json\/wp\/v2\/product_tag?post=48490"}],"curies":[{"name":"wp","href":"https:\/\/api.w.org\/{rel}","templated":true}]}}