{"id":48505,"date":"2023-03-06T13:51:40","date_gmt":"2023-03-06T10:51:40","guid":{"rendered":"https:\/\/microtech.tools\/?post_type=product&#038;p=48505"},"modified":"2026-03-19T17:44:25","modified_gmt":"2026-03-19T14:44:25","slug":"zestaw-danych-pro-mds-dla-systemu-windows-2","status":"publish","type":"product","link":"https:\/\/microtech.tools\/pl\/produkt\/zestaw-danych-pro-mds-dla-systemu-windows-2\/","title":{"rendered":"Zestaw danych PRO+ MDS dla systemu Windows"},"content":{"rendered":"<p data-path-to-node=\"1\">Bezprzewodowe i komputerowe przyrz\u0105dy MICROTECH umo\u017cliwiaj\u0105 bezpo\u015brednie przesy\u0142anie wynik\u00f3w pomiarowych do komputera z systemem Windows. G\u0142\u00f3wn\u0105 zalet\u0105 przyrz\u0105d\u00f3w MICROTECH jest mo\u017cliwo\u015b\u0107 bezprzewodowej transmisji danych na du\u017ce odleg\u0142o\u015bci, a\u017c do 50 metr\u00f3w. Seria komputerowa mo\u017ce r\u00f3wnie\u017c przechowywa\u0107 zmierzone warto\u015bci w pami\u0119ci wewn\u0119trznej, a nast\u0119pnie przesy\u0142a\u0107 wszystkie dane do dowolnej wersji oprogramowania bez utraty danych.<\/p>\n<p data-path-to-node=\"2\">W wersji PRO+ mo\u017cliwe jest jednoczesne pod\u0142\u0105czenie do 18 przyrz\u0105d\u00f3w MICROTECH (czujnik\u00f3w, suwmiarek, mikrometr\u00f3w lub \u015brednic\u00f3wek) do komputera z systemem Windows za pomoc\u0105 klucza USB. Zestaw zawiera 3 klucze USB PRO, 3 przed\u0142u\u017cacze USB (o d\u0142ugo\u015bci 1 m ka\u017cdy) oraz 1 mobilny przycisk DataMet.<\/p>\n<p data-path-to-node=\"3\">Oprogramowanie MDS umo\u017cliwia ponowne przesy\u0142anie danych do dowolnej aplikacji Windows, sprawdzanie limit\u00f3w (Go\/NoGo), zapisywanie wykres\u00f3w, eksportowanie wynik\u00f3w do plik\u00f3w *.xls lub *.csv oraz zapisywanie danych pomiarowych przy u\u017cyciu opcjonalnego prze\u0142\u0105cznika no\u017cnego lub timera.<\/p>\n","protected":false},"excerpt":{"rendered":"<p>W wersji PRO+ mo\u017cliwe jest jednoczesne pod\u0142\u0105czenie do 18 przyrz\u0105d\u00f3w MICROTECH (czujnik\u00f3w, suwmiarek, mikrometr\u00f3w lub \u015brednic\u00f3wek) do komputera z systemem Windows za pomoc\u0105 klucza USB. Zestaw zawiera 3 klucze USB PRO, 3 przed\u0142u\u017cacze USB (o d\u0142ugo\u015bci 1 m ka\u017cdy) oraz 1 mobilny przycisk DataMet.<\/p>\n","protected":false},"featured_media":48514,"template":"","meta":{"_acf_changed":false},"product_brand":[6886],"product_cat":[5045],"product_tag":[],"class_list":{"0":"post-48505","1":"product","2":"type-product","3":"status-publish","4":"has-post-thumbnail","6":"product_brand-microtech","7":"product_cat-transmisja-danych-i-oprogramowanie","9":"first","10":"instock","11":"shipping-taxable","12":"purchasable","13":"product-type-simple"},"acf":[],"_links":{"self":[{"href":"https:\/\/microtech.tools\/pl\/wp-json\/wp\/v2\/product\/48505","targetHints":{"allow":["GET"]}}],"collection":[{"href":"https:\/\/microtech.tools\/pl\/wp-json\/wp\/v2\/product"}],"about":[{"href":"https:\/\/microtech.tools\/pl\/wp-json\/wp\/v2\/types\/product"}],"wp:featuredmedia":[{"embeddable":true,"href":"https:\/\/microtech.tools\/pl\/wp-json\/wp\/v2\/media\/48514"}],"wp:attachment":[{"href":"https:\/\/microtech.tools\/pl\/wp-json\/wp\/v2\/media?parent=48505"}],"wp:term":[{"taxonomy":"product_brand","embeddable":true,"href":"https:\/\/microtech.tools\/pl\/wp-json\/wp\/v2\/product_brand?post=48505"},{"taxonomy":"product_cat","embeddable":true,"href":"https:\/\/microtech.tools\/pl\/wp-json\/wp\/v2\/product_cat?post=48505"},{"taxonomy":"product_tag","embeddable":true,"href":"https:\/\/microtech.tools\/pl\/wp-json\/wp\/v2\/product_tag?post=48505"}],"curies":[{"name":"wp","href":"https:\/\/api.w.org\/{rel}","templated":true}]}}