{"id":48525,"date":"2025-10-17T11:20:34","date_gmt":"2025-10-17T08:20:34","guid":{"rendered":"https:\/\/microtech.tools\/?post_type=product&#038;p=48525"},"modified":"2026-03-20T10:29:51","modified_gmt":"2026-03-20T07:29:51","slug":"zestaw-danych-pro-desk-mds-dla-windows","status":"publish","type":"product","link":"https:\/\/microtech.tools\/pl\/produkt\/zestaw-danych-pro-desk-mds-dla-windows\/","title":{"rendered":"Zestaw danych PRO-DESK MDS dla Windows"},"content":{"rendered":"<p data-path-to-node=\"1\">Bezprzewodowe i komputerowe przyrz\u0105dy MICROTECH umo\u017cliwiaj\u0105 bezpo\u015brednie przesy\u0142anie wynik\u00f3w pomiar\u00f3w do komputera PC z systemem Windows. G\u0142\u00f3wn\u0105 zalet\u0105 przyrz\u0105d\u00f3w MICROTECH jest funkcja bezprzewodowego przesy\u0142ania danych o du\u017cym zasi\u0119gu, wynosz\u0105cym do 50 metr\u00f3w. Seria komputerowa posiada mo\u017cliwo\u015b\u0107 zapisywania warto\u015bci w pami\u0119ci wewn\u0119trznej i ich p\u00f3\u017aniejszego transferu do dowolnej wersji oprogramowania bez ryzyka utraty danych.<\/p>\n<p data-path-to-node=\"2\">Zestaw danych PRO-DESK MDS pozwala na jednoczesne pod\u0142\u0105czenie do 40 przyrz\u0105d\u00f3w MICROTECH (czujnik\u00f3w, suwmiarek, mikrometr\u00f3w lub \u015brednic\u00f3wek) do komputera PC z systemem Windows za pomoc\u0105 klucza USB dongle. W sk\u0142ad zestawu wchodzi 8 kluczy PRO USB dongle, 8 przed\u0142u\u017caczy MDS USB (o d\u0142ugo\u015bci 1 m ka\u017cdy) oraz 1 przycisk biurkowy DataMet.<\/p>\n<p data-path-to-node=\"3\">Oprogramowanie umo\u017cliwia przesy\u0142anie danych do dowolnej aplikacji systemu Windows, kontrol\u0119 tolerancji (Dobry\/Niedobry), wizualizacj\u0119 graficzn\u0105, eksport wynik\u00f3w do plik\u00f3w *.xls lub *.csv, a tak\u017ce zapisywanie danych przy u\u017cyciu opcjonalnych przycisk\u00f3w DataMet, prze\u0142\u0105cznika no\u017cnego lub timera.<\/p>\n","protected":false},"excerpt":{"rendered":"<p>Zestaw danych PRO-DESK MDS pozwala na jednoczesne pod\u0142\u0105czenie do 40 przyrz\u0105d\u00f3w MICROTECH (czujnik\u00f3w, suwmiarek, mikrometr\u00f3w lub \u015brednic\u00f3wek) do komputera PC z systemem Windows za pomoc\u0105 klucza USB dongle. W sk\u0142ad zestawu wchodzi 8 kluczy PRO USB dongle, 8 przed\u0142u\u017caczy MDS USB (o d\u0142ugo\u015bci 1 m ka\u017cdy) oraz 1 przycisk biurkowy DataMet.<\/p>\n","protected":false},"featured_media":48526,"template":"","meta":{"_acf_changed":false},"product_brand":[6886],"product_cat":[5045],"product_tag":[],"class_list":{"0":"post-48525","1":"product","2":"type-product","3":"status-publish","4":"has-post-thumbnail","6":"product_brand-microtech","7":"product_cat-transmisja-danych-i-oprogramowanie","9":"first","10":"instock","11":"shipping-taxable","12":"purchasable","13":"product-type-simple"},"acf":[],"_links":{"self":[{"href":"https:\/\/microtech.tools\/pl\/wp-json\/wp\/v2\/product\/48525","targetHints":{"allow":["GET"]}}],"collection":[{"href":"https:\/\/microtech.tools\/pl\/wp-json\/wp\/v2\/product"}],"about":[{"href":"https:\/\/microtech.tools\/pl\/wp-json\/wp\/v2\/types\/product"}],"wp:featuredmedia":[{"embeddable":true,"href":"https:\/\/microtech.tools\/pl\/wp-json\/wp\/v2\/media\/48526"}],"wp:attachment":[{"href":"https:\/\/microtech.tools\/pl\/wp-json\/wp\/v2\/media?parent=48525"}],"wp:term":[{"taxonomy":"product_brand","embeddable":true,"href":"https:\/\/microtech.tools\/pl\/wp-json\/wp\/v2\/product_brand?post=48525"},{"taxonomy":"product_cat","embeddable":true,"href":"https:\/\/microtech.tools\/pl\/wp-json\/wp\/v2\/product_cat?post=48525"},{"taxonomy":"product_tag","embeddable":true,"href":"https:\/\/microtech.tools\/pl\/wp-json\/wp\/v2\/product_tag?post=48525"}],"curies":[{"name":"wp","href":"https:\/\/api.w.org\/{rel}","templated":true}]}}