{"id":48554,"date":"2024-02-26T11:21:59","date_gmt":"2024-02-26T08:21:59","guid":{"rendered":"https:\/\/microtech.tools\/?post_type=product&#038;p=48554"},"modified":"2026-03-20T10:26:14","modified_gmt":"2026-03-20T07:26:14","slug":"bezprzewodowy-przycisk-datamet-mobile-button-ip67","status":"publish","type":"product","link":"https:\/\/microtech.tools\/pl\/produkt\/bezprzewodowy-przycisk-datamet-mobile-button-ip67\/","title":{"rendered":"Bezprzewodowy przycisk DataMet Mobile Button IP67"},"content":{"rendered":"<p><iframe title=\"DataMet Control Buttons for Precision Measurement\" width=\"1140\" height=\"641\" src=\"https:\/\/www.youtube.com\/embed\/VxVgsN8_XaA?feature=oembed\" frameborder=\"0\" allow=\"accelerometer; autoplay; clipboard-write; encrypted-media; gyroscope; picture-in-picture; web-share\" referrerpolicy=\"strict-origin-when-cross-origin\" allowfullscreen><\/iframe><\/p>\n<p data-path-to-node=\"1\">DataMet Mobile Button IP67 to wielofunkcyjny modu\u0142 steruj\u0105cy przeznaczony do bezprzewodowej wsp\u00f3\u0142pracy z przyrz\u0105dami MICROTECH DataMet oraz aplikacj\u0105 MICROTECH MDS dla systemu Windows. Urz\u0105dzenie zapewnia wygodne ustawianie zera (ZERO) i umo\u017cliwia zapisywanie danych bezpo\u015brednio w pami\u0119ci przyrz\u0105du lub w aplikacji MDS.<\/p>\n<p data-path-to-node=\"2\">Jest wyposa\u017cone w dwa przyciski 10 mm, diodow\u0105 sygnalizacj\u0119 stanu LED oraz wbudowany akumulator Li-Pol (500 mAh) zapewniaj\u0105cy wyd\u0142u\u017cony czas pracy.<\/p>\n<p data-path-to-node=\"3\">DataMet Mobile Button posiada stopie\u0144 ochrony przed wod\u0105 IP67 i na zapytanie mo\u017ce zosta\u0107 skonfigurowany z funkcjami specjalnymi.<\/p>\n","protected":false},"excerpt":{"rendered":"<p>DataMet Mobile Button IP67 to wielofunkcyjny modu\u0142 steruj\u0105cy przeznaczony do bezprzewodowej wsp\u00f3\u0142pracy z przyrz\u0105dami MICROTECH DataMet oraz aplikacj\u0105 MICROTECH MDS dla systemu Windows.<\/p>\n","protected":false},"featured_media":48547,"template":"","meta":{"_acf_changed":false},"product_brand":[6886],"product_cat":[5045],"product_tag":[],"class_list":{"0":"post-48554","1":"product","2":"type-product","3":"status-publish","4":"has-post-thumbnail","6":"product_brand-microtech","7":"product_cat-transmisja-danych-i-oprogramowanie","8":"pa_battery-li_pol","9":"pa_dataoutput-wireless","11":"first","12":"instock","13":"shipping-taxable","14":"purchasable","15":"product-type-simple"},"acf":[],"_links":{"self":[{"href":"https:\/\/microtech.tools\/pl\/wp-json\/wp\/v2\/product\/48554","targetHints":{"allow":["GET"]}}],"collection":[{"href":"https:\/\/microtech.tools\/pl\/wp-json\/wp\/v2\/product"}],"about":[{"href":"https:\/\/microtech.tools\/pl\/wp-json\/wp\/v2\/types\/product"}],"wp:featuredmedia":[{"embeddable":true,"href":"https:\/\/microtech.tools\/pl\/wp-json\/wp\/v2\/media\/48547"}],"wp:attachment":[{"href":"https:\/\/microtech.tools\/pl\/wp-json\/wp\/v2\/media?parent=48554"}],"wp:term":[{"taxonomy":"product_brand","embeddable":true,"href":"https:\/\/microtech.tools\/pl\/wp-json\/wp\/v2\/product_brand?post=48554"},{"taxonomy":"product_cat","embeddable":true,"href":"https:\/\/microtech.tools\/pl\/wp-json\/wp\/v2\/product_cat?post=48554"},{"taxonomy":"product_tag","embeddable":true,"href":"https:\/\/microtech.tools\/pl\/wp-json\/wp\/v2\/product_tag?post=48554"}],"curies":[{"name":"wp","href":"https:\/\/api.w.org\/{rel}","templated":true}]}}