{"id":48571,"date":"2023-03-06T13:51:53","date_gmt":"2023-03-06T10:51:53","guid":{"rendered":"https:\/\/microtech.tools\/?post_type=product&#038;p=48571"},"modified":"2026-03-19T17:44:24","modified_gmt":"2026-03-19T14:44:24","slug":"nozny-przelacznik-usb-dla-systemu-windows","status":"publish","type":"product","link":"https:\/\/microtech.tools\/pl\/produkt\/nozny-przelacznik-usb-dla-systemu-windows\/","title":{"rendered":"No\u017cny prze\u0142\u0105cznik USB dla systemu Windows"},"content":{"rendered":"<p data-path-to-node=\"1\">Prze\u0142\u0105cznik no\u017cny USB MICROTECH to jednoprzyciskowe urz\u0105dzenie steruj\u0105ce zaprojektowane do szybkiej i wygodnej obs\u0142ugi danych w aplikacji MDS dla systemu Windows. \u0141\u0105czy si\u0119 przez port USB i umo\u017cliwia u\u017cytkownikowi sterowanie funkcjami pomiarowymi bez u\u017cycia r\u0105k.<\/p>\n<p data-path-to-node=\"2\">Prze\u0142\u0105cznik no\u017cny USB umo\u017cliwia zapisywanie zmierzonych danych bezpo\u015brednio w pami\u0119ci MDS lub ustawianie ZERA w oprogramowaniu.<\/p>\n<p data-path-to-node=\"3\">Kompaktowa i trwa\u0142a konstrukcja (60 x 60 x 20 mm) zapewnia komfortow\u0105 prac\u0119 w warunkach przemys\u0142owych lub laboratoryjnych.<\/p>\n","protected":false},"excerpt":{"rendered":"<p>Prze\u0142\u0105cznik no\u017cny USB MICROTECH to jednoprzyciskowe urz\u0105dzenie steruj\u0105ce zaprojektowane do szybkiej i wygodnej obs\u0142ugi danych w aplikacji MDS dla systemu Windows. \u0141\u0105czy si\u0119 przez port USB i umo\u017cliwia u\u017cytkownikowi sterowanie funkcjami pomiarowymi bez u\u017cycia r\u0105k.<\/p>\n","protected":false},"featured_media":48574,"template":"","meta":{"_acf_changed":false},"product_brand":[6886],"product_cat":[5045],"product_tag":[],"class_list":{"0":"post-48571","1":"product","2":"type-product","3":"status-publish","4":"has-post-thumbnail","6":"product_brand-microtech","7":"product_cat-transmisja-danych-i-oprogramowanie","9":"first","10":"instock","11":"shipping-taxable","12":"purchasable","13":"product-type-simple"},"acf":[],"_links":{"self":[{"href":"https:\/\/microtech.tools\/pl\/wp-json\/wp\/v2\/product\/48571","targetHints":{"allow":["GET"]}}],"collection":[{"href":"https:\/\/microtech.tools\/pl\/wp-json\/wp\/v2\/product"}],"about":[{"href":"https:\/\/microtech.tools\/pl\/wp-json\/wp\/v2\/types\/product"}],"wp:featuredmedia":[{"embeddable":true,"href":"https:\/\/microtech.tools\/pl\/wp-json\/wp\/v2\/media\/48574"}],"wp:attachment":[{"href":"https:\/\/microtech.tools\/pl\/wp-json\/wp\/v2\/media?parent=48571"}],"wp:term":[{"taxonomy":"product_brand","embeddable":true,"href":"https:\/\/microtech.tools\/pl\/wp-json\/wp\/v2\/product_brand?post=48571"},{"taxonomy":"product_cat","embeddable":true,"href":"https:\/\/microtech.tools\/pl\/wp-json\/wp\/v2\/product_cat?post=48571"},{"taxonomy":"product_tag","embeddable":true,"href":"https:\/\/microtech.tools\/pl\/wp-json\/wp\/v2\/product_tag?post=48571"}],"curies":[{"name":"wp","href":"https:\/\/api.w.org\/{rel}","templated":true}]}}