{"id":48620,"date":"2024-02-05T09:41:44","date_gmt":"2024-02-05T06:41:44","guid":{"rendered":"https:\/\/microtech.tools\/?post_type=product&#038;p=48620"},"modified":"2026-03-20T10:26:15","modified_gmt":"2026-03-20T07:26:15","slug":"mds-jednostka-wyswietlajaca-datamet-ip67","status":"publish","type":"product","link":"https:\/\/microtech.tools\/pl\/produkt\/mds-jednostka-wyswietlajaca-datamet-ip67\/","title":{"rendered":"MDS Jednostka Wy\u015bwietlaj\u0105ca DataMet IP67"},"content":{"rendered":"<p data-path-to-node=\"1\">Jednostka Wy\u015bwietlaj\u0105ca MDS IP67 DataMet to wytrzyma\u0142e rozwi\u0105zanie klasy przemys\u0142owej, zaprojektowane do BEZPRZEWODOWEGO i KOMPUTEROWEGO \u0142\u0105czenia przyrz\u0105d\u00f3w. Pracuj\u0105c w systemie Windows ze zintegrowan\u0105 aplikacj\u0105 MDS PRO, zapewnia kompleksow\u0105 platform\u0119 do zbierania danych, wizualizacji graficznej i eksportu w \u015brodowiskach przemys\u0142owych oraz terenowych. Wyposa\u017cona w 10-calowy ekran dotykowy o wysokiej rozdzielczo\u015bci, jednostka wy\u015bwietlaj\u0105ca zapewnia przyjazn\u0105 dla u\u017cytkownika obs\u0142ug\u0119 i szybkie po\u0142\u0105czenie z przyrz\u0105dami pomiarowymi MICROTECH. Stopie\u0144 ochrony IP67 oraz wbudowany akumulator sprawiaj\u0105, \u017ce idealnie nadaje si\u0119 do u\u017cytku warsztatowego lub na zewn\u0105trz.<\/p>\n<p data-path-to-node=\"2\">G\u0142\u00f3wne specyfikacje i funkcje:<\/p>\n<ul data-path-to-node=\"3\">\n<li>\n<p data-path-to-node=\"3,0,0\">Jednoczesne pod\u0142\u0105czenie do 16 przyrz\u0105d\u00f3w bezprzewodowych i 2 przyrz\u0105d\u00f3w USB.<\/p>\n<\/li>\n<li>\n<p data-path-to-node=\"3,1,0\">Inteligentne wyprowadzanie danych przez USB, WI-FI, RJ-45, RS-232, HDMI, czytnik kart oraz po\u0142\u0105czenie z chmur\u0105.<\/p>\n<\/li>\n<li>\n<p data-path-to-node=\"3,2,0\">Pami\u0119\u0107 wewn\u0119trzna do 50 000 plik\u00f3w ze zintegrowanymi trybami statystyk i danych graficznych.<\/p>\n<\/li>\n<li>\n<p data-path-to-node=\"3,3,0\">Po\u0142\u0105czenie z przyrz\u0105dami MICROTECH w celu zbierania danych, ustawiania zera, wy\u015bwietlania graficznego i eksportu w wielu formatach.<\/p>\n<\/li>\n<li>\n<p data-path-to-node=\"3,4,0\">Automatyczne wykrywanie po\u0142\u0105czenia, synchronizacja danych i wiele tryb\u00f3w po\u0142\u0105czenia.<\/p>\n<\/li>\n<li>\n<p data-path-to-node=\"3,5,0\">Eksport danych online do program\u00f3w Excel, SAP, SolidWorks i innego oprogramowania zewn\u0119trznego z regulowanymi formatami danych (separator przecinek\/kropka, symbole).<\/p>\n<\/li>\n<li>\n<p data-path-to-node=\"3,6,0\">Eksport danych offline w formatach CSV, PDF, XLS oraz wizualizacja graficzna 2D (zapisywana w formacie PNG).<\/p>\n<\/li>\n<li>\n<p data-path-to-node=\"3,7,0\">Kompatybilno\u015b\u0107 z opcjonalnymi przyciskami DataMet i akcesoriami prze\u0142\u0105cznika no\u017cnego do zbierania danych bez u\u017cycia r\u0105k i ustawiania ZERA.<\/p>\n<\/li>\n<\/ul>\n<p data-path-to-node=\"4\">Jednostka Wy\u015bwietlaj\u0105ca MDS IP67 DataMet zapewnia stabiln\u0105 komunikacj\u0119 bezprzewodow\u0105, solidn\u0105 obs\u0142ug\u0119 danych i wysok\u0105 elastyczno\u015b\u0107 \u2013 niezawodny wyb\u00f3r dla profesjonalnej metrologii w wymagaj\u0105cych warunkach przemys\u0142owych.<\/p>\n","protected":false},"excerpt":{"rendered":"<p>Jednostka Wy\u015bwietlaj\u0105ca MDS IP67 DataMet to wytrzyma\u0142e rozwi\u0105zanie klasy przemys\u0142owej, zaprojektowane do BEZPRZEWODOWEGO i KOMPUTEROWEGO \u0142\u0105czenia przyrz\u0105d\u00f3w. Pracuj\u0105c w systemie Windows ze zintegrowan\u0105 aplikacj\u0105 MDS PRO, zapewnia kompleksow\u0105 platform\u0119 do zbierania danych, wizualizacji graficznej i eksportu w \u015brodowiskach przemys\u0142owych oraz terenowych.<\/p>\n","protected":false},"featured_media":48621,"template":"","meta":{"_acf_changed":false},"product_brand":[6886],"product_cat":[5045],"product_tag":[],"class_list":{"0":"post-48620","1":"product","2":"type-product","3":"status-publish","4":"has-post-thumbnail","6":"product_brand-microtech","7":"product_cat-transmisja-danych-i-oprogramowanie","8":"pa_battery-li_pol","10":"first","11":"instock","12":"shipping-taxable","13":"purchasable","14":"product-type-simple"},"acf":[],"_links":{"self":[{"href":"https:\/\/microtech.tools\/pl\/wp-json\/wp\/v2\/product\/48620","targetHints":{"allow":["GET"]}}],"collection":[{"href":"https:\/\/microtech.tools\/pl\/wp-json\/wp\/v2\/product"}],"about":[{"href":"https:\/\/microtech.tools\/pl\/wp-json\/wp\/v2\/types\/product"}],"wp:featuredmedia":[{"embeddable":true,"href":"https:\/\/microtech.tools\/pl\/wp-json\/wp\/v2\/media\/48621"}],"wp:attachment":[{"href":"https:\/\/microtech.tools\/pl\/wp-json\/wp\/v2\/media?parent=48620"}],"wp:term":[{"taxonomy":"product_brand","embeddable":true,"href":"https:\/\/microtech.tools\/pl\/wp-json\/wp\/v2\/product_brand?post=48620"},{"taxonomy":"product_cat","embeddable":true,"href":"https:\/\/microtech.tools\/pl\/wp-json\/wp\/v2\/product_cat?post=48620"},{"taxonomy":"product_tag","embeddable":true,"href":"https:\/\/microtech.tools\/pl\/wp-json\/wp\/v2\/product_tag?post=48620"}],"curies":[{"name":"wp","href":"https:\/\/api.w.org\/{rel}","templated":true}]}}