{"id":48649,"date":"2025-10-20T09:51:10","date_gmt":"2025-10-20T06:51:10","guid":{"rendered":"https:\/\/microtech.tools\/?post_type=product&#038;p=48649"},"modified":"2026-03-20T10:29:50","modified_gmt":"2026-03-20T07:29:50","slug":"kabel-usb-hid-do-transmisji-danych-i-ladowania","status":"publish","type":"product","link":"https:\/\/microtech.tools\/pl\/produkt\/kabel-usb-hid-do-transmisji-danych-i-ladowania\/","title":{"rendered":"Kabel USB HID do transmisji danych i \u0142adowania"},"content":{"rendered":"<p><iframe title=\"MICROTECH computerized instruments Wireless &amp; USB connections\" width=\"1140\" height=\"641\" src=\"https:\/\/www.youtube.com\/embed\/XAxhoo0Iih8?feature=oembed\" frameborder=\"0\" allow=\"accelerometer; autoplay; clipboard-write; encrypted-media; gyroscope; picture-in-picture; web-share\" referrerpolicy=\"strict-origin-when-cross-origin\" allowfullscreen><\/iframe><\/p>\n<p data-path-to-node=\"1\">Kabel USB do transmisji danych i \u0142adowania dla przyrz\u0105d\u00f3w DataMet MICROTECH to wysokiej klasy wielofunkcyjny kabel interfejsowy, zaprojektowany do p\u0142ynnego przesy\u0142ania danych i \u0142adowania narz\u0119dzi pomiarowych DataMet MICROTECH. Dost\u0119pny w trzech konfiguracjach \u2014 2 m z Micro USB, 2 m z USB-C lub 5 m z USB-C \u2014 ten kabel o d\u0142ugo\u015bci 2 metr\u00f3w lub 5 metr\u00f3w zapewnia elastyczno\u015b\u0107 i niezawodno\u015b\u0107 w profesjonalnym u\u017cytkowaniu.<\/p>\n<p data-path-to-node=\"2\">Kluczowe cechy:<\/p>\n<ul data-path-to-node=\"3\">\n<li>\n<p data-path-to-node=\"3,0,0\">Podw\u00f3jna funkcjonalno\u015b\u0107: Obs\u0142uguje zar\u00f3wno \u0142adowanie, jak i szybk\u0105 transmisj\u0119 danych w trybie HID (klawiatura), umo\u017cliwiaj\u0105c bezpo\u015brednie wprowadzanie danych z przyrz\u0105d\u00f3w DataMet MICROTECH do aplikacji klienta, takich jak arkusze kalkulacyjne, edytory tekstu lub specjalistyczne oprogramowanie pomiarowe.<\/p>\n<\/li>\n<li>\n<p data-path-to-node=\"3,1,0\">Plug-and-Play: Nie wymaga dodatkowych sterownik\u00f3w ani oprogramowania, co zapewnia szybk\u0105 konfiguracj\u0119 i bezproblemow\u0105 integracj\u0119 z systemami pomiarowymi.<\/p>\n<\/li>\n<li>\n<p data-path-to-node=\"3,2,0\">Wszechstronne opcje: Wybierz spo\u015br\u00f3d 2 m Micro USB, 2 m USB-C lub 5 m USB-C, aby dopasowa\u0107 kabel do konkretnego przyrz\u0105du i potrzeb miejsca pracy.<\/p>\n<\/li>\n<li>\n<p data-path-to-node=\"3,3,0\">Niezawodna wydajno\u015b\u0107: Zaprojektowany z my\u015bl\u0105 o sp\u00f3jnym przesy\u0142aniu danych za jednym dotkni\u0119ciem i wydajnym \u0142adowaniu, co zwi\u0119ksza produktywno\u015b\u0107 w \u015brodowiskach profesjonalnych.<\/p>\n<\/li>\n<\/ul>\n","protected":false},"excerpt":{"rendered":"<p>Kabel USB do transmisji danych i \u0142adowania dla przyrz\u0105d\u00f3w DataMet MICROTECH to wysokiej klasy wielofunkcyjny kabel interfejsowy, zaprojektowany do p\u0142ynnego przesy\u0142ania danych i \u0142adowania narz\u0119dzi pomiarowych DataMet MICROTECH. Dost\u0119pny w trzech konfiguracjach \u2014 2 m z Micro USB, 2 m z USB-C lub 5 m z USB-C \u2014 ten kabel o d\u0142ugo\u015bci 2 metr\u00f3w lub 5 metr\u00f3w zapewnia elastyczno\u015b\u0107 i niezawodno\u015b\u0107 w profesjonalnym u\u017cytkowaniu.<\/p>\n","protected":false},"featured_media":48650,"template":"","meta":{"_acf_changed":false},"product_brand":[6886],"product_cat":[5045],"product_tag":[],"class_list":{"0":"post-48649","1":"product","2":"type-product","3":"status-publish","4":"has-post-thumbnail","6":"product_brand-microtech","7":"product_cat-transmisja-danych-i-oprogramowanie","9":"first","10":"instock","11":"shipping-taxable","12":"purchasable","13":"product-type-variable"},"acf":[],"_links":{"self":[{"href":"https:\/\/microtech.tools\/pl\/wp-json\/wp\/v2\/product\/48649","targetHints":{"allow":["GET"]}}],"collection":[{"href":"https:\/\/microtech.tools\/pl\/wp-json\/wp\/v2\/product"}],"about":[{"href":"https:\/\/microtech.tools\/pl\/wp-json\/wp\/v2\/types\/product"}],"wp:featuredmedia":[{"embeddable":true,"href":"https:\/\/microtech.tools\/pl\/wp-json\/wp\/v2\/media\/48650"}],"wp:attachment":[{"href":"https:\/\/microtech.tools\/pl\/wp-json\/wp\/v2\/media?parent=48649"}],"wp:term":[{"taxonomy":"product_brand","embeddable":true,"href":"https:\/\/microtech.tools\/pl\/wp-json\/wp\/v2\/product_brand?post=48649"},{"taxonomy":"product_cat","embeddable":true,"href":"https:\/\/microtech.tools\/pl\/wp-json\/wp\/v2\/product_cat?post=48649"},{"taxonomy":"product_tag","embeddable":true,"href":"https:\/\/microtech.tools\/pl\/wp-json\/wp\/v2\/product_tag?post=48649"}],"curies":[{"name":"wp","href":"https:\/\/api.w.org\/{rel}","templated":true}]}}