{"id":48659,"date":"2023-03-06T13:51:50","date_gmt":"2023-03-06T10:51:50","guid":{"rendered":"https:\/\/microtech.tools\/?post_type=product&#038;p=48659"},"modified":"2026-03-19T17:44:24","modified_gmt":"2026-03-19T14:44:24","slug":"adapter-usb-bezprzewodowy-dla-systemu-windows","status":"publish","type":"product","link":"https:\/\/microtech.tools\/pl\/produkt\/adapter-usb-bezprzewodowy-dla-systemu-windows\/","title":{"rendered":"Adapter USB bezprzewodowy dla systemu Windows"},"content":{"rendered":"<p data-path-to-node=\"1\">Adapter USB MICROTECH zosta\u0142 zaprojektowany do bezprzewodowego po\u0142\u0105czenia przyrz\u0105d\u00f3w MICROTECH z aplikacj\u0105 MDS dla systemu Windows. Zapewnia stabiln\u0105 i bezpieczn\u0105 transmisj\u0119 danych dla skomputeryzowanych i bezprzewodowych przyrz\u0105d\u00f3w pomiarowych w zasi\u0119gu do 50 metr\u00f3w.<\/p>\n<p data-path-to-node=\"2\">Adapter USB STANDARD umo\u017cliwia jednoczesne pod\u0142\u0105czenie do 3 przyrz\u0105d\u00f3w MICROTECH (czujnik\u00f3w, suwmiarek, mikrometr\u00f3w lub \u015brednic\u00f3wek) do komputera z systemem Windows. W zestawie znajduje si\u0119 przed\u0142u\u017cacz USB MDS o d\u0142ugo\u015bci 1 m. Adapter USB PRO umo\u017cliwia jednoczesne pod\u0142\u0105czenie do 8 przyrz\u0105d\u00f3w MICROTECH (czujnik\u00f3w, suwmiarek, mikrometr\u00f3w lub \u015brednic\u00f3wek) do komputera z systemem Windows. W zestawie znajduje si\u0119 przed\u0142u\u017cacz USB MDS o d\u0142ugo\u015bci 1 m.<\/p>\n<p data-path-to-node=\"3\">Ten adapter USB jest wymagany wy\u0142\u0105cznie dla oprogramowania MDS dla systemu Windows i nie jest u\u017cywany z aplikacjami MDS dla system\u00f3w iOS, macOS, Android ani w \u017cadnym trybie HID.<\/p>\n","protected":false},"excerpt":{"rendered":"<p>Adapter USB STANDARD umo\u017cliwia jednoczesne pod\u0142\u0105czenie do 3 przyrz\u0105d\u00f3w MICROTECH (czujnik\u00f3w, suwmiarek, mikrometr\u00f3w lub \u015brednic\u00f3wek) do komputera z systemem Windows. W zestawie znajduje si\u0119 przed\u0142u\u017cacz USB MDS o d\u0142ugo\u015bci 1 m. Adapter USB PRO umo\u017cliwia jednoczesne pod\u0142\u0105czenie do 8 przyrz\u0105d\u00f3w MICROTECH (czujnik\u00f3w, suwmiarek, mikrometr\u00f3w lub \u015brednic\u00f3wek) do komputera z systemem Windows. W zestawie znajduje si\u0119 przed\u0142u\u017cacz USB MDS o d\u0142ugo\u015bci 1 m.<\/p>\n","protected":false},"featured_media":48667,"template":"","meta":{"_acf_changed":false},"product_brand":[6886],"product_cat":[5045],"product_tag":[],"class_list":{"0":"post-48659","1":"product","2":"type-product","3":"status-publish","4":"has-post-thumbnail","6":"product_brand-microtech","7":"product_cat-transmisja-danych-i-oprogramowanie","9":"first","10":"instock","11":"shipping-taxable","12":"purchasable","13":"product-type-variable"},"acf":[],"_links":{"self":[{"href":"https:\/\/microtech.tools\/pl\/wp-json\/wp\/v2\/product\/48659","targetHints":{"allow":["GET"]}}],"collection":[{"href":"https:\/\/microtech.tools\/pl\/wp-json\/wp\/v2\/product"}],"about":[{"href":"https:\/\/microtech.tools\/pl\/wp-json\/wp\/v2\/types\/product"}],"wp:featuredmedia":[{"embeddable":true,"href":"https:\/\/microtech.tools\/pl\/wp-json\/wp\/v2\/media\/48667"}],"wp:attachment":[{"href":"https:\/\/microtech.tools\/pl\/wp-json\/wp\/v2\/media?parent=48659"}],"wp:term":[{"taxonomy":"product_brand","embeddable":true,"href":"https:\/\/microtech.tools\/pl\/wp-json\/wp\/v2\/product_brand?post=48659"},{"taxonomy":"product_cat","embeddable":true,"href":"https:\/\/microtech.tools\/pl\/wp-json\/wp\/v2\/product_cat?post=48659"},{"taxonomy":"product_tag","embeddable":true,"href":"https:\/\/microtech.tools\/pl\/wp-json\/wp\/v2\/product_tag?post=48659"}],"curies":[{"name":"wp","href":"https:\/\/api.w.org\/{rel}","templated":true}]}}